{"id":5104,"date":"2023-11-08T12:14:44","date_gmt":"2023-11-08T10:14:44","guid":{"rendered":"https:\/\/repl4stic.gr\/product\/nyckelring-med-karbinhake\/"},"modified":"2023-11-08T12:14:44","modified_gmt":"2023-11-08T10:14:44","slug":"nyckelring-karabinhake","status":"publish","type":"product","link":"https:\/\/repl4stic.gr\/sv\/product\/nyckelring-karabinhake\/","title":{"rendered":"Nyckelring med karbinhake"},"content":{"rendered":"","protected":false},"excerpt":{"rendered":"<p>Han hj\u00e4lper dig inte att besegra klippor, men han \u00e4r ett proffs<br \/>\ni hanteringen av de dagliga bergen och fickorganisationen.<br \/>\nTillverkad av 100% \u00e5tervunnen plast, den \u00e4r som en v\u00e4nlig<br \/>\nhigh-five-milj\u00f6n varje g\u00e5ng du anv\u00e4nder den. S\u00e5 antingen<br \/>\ndu \u00e4r en nyckelringsk\u00e4nnare eller om du bara letar efter ett smartare s\u00e4tt att<br \/>\nh\u00e5lla dina saker under kontroll, denna karbinhake har l\u00f6sningen f\u00f6r<br \/>\n  (eller b\u00e4lte, ficka eller v\u00e4ska). Ingen uppskjutning kr\u00e4vs, bara en<br \/>\nen k\u00e4nsla f\u00f6r funktionellt mode som skyddar planeten.<\/p>\n","protected":false},"featured_media":5068,"comment_status":"closed","ping_status":"closed","template":"","meta":{"site-sidebar-layout":"default","site-content-layout":"","ast-site-content-layout":"","site-content-style":"default","site-sidebar-style":"default","ast-global-header-display":"","ast-banner-title-visibility":"","ast-main-header-display":"","ast-hfb-above-header-display":"","ast-hfb-below-header-display":"","ast-hfb-mobile-header-display":"","site-post-title":"","ast-breadcrumbs-content":"","ast-featured-img":"","footer-sml-layout":"","theme-transparent-header-meta":"default","adv-header-id-meta":"","stick-header-meta":"","header-above-stick-meta":"","header-main-stick-meta":"","header-below-stick-meta":"","astra-migrate-meta-layouts":"default","ast-page-background-enabled":"default","ast-page-background-meta":{"desktop":{"background-color":"var(--ast-global-color-4)","background-image":"","background-repeat":"repeat","background-position":"center center","background-size":"auto","background-attachment":"scroll","background-type":"","background-media":"","overlay-type":"","overlay-color":"","overlay-opacity":"","overlay-gradient":""},"tablet":{"background-color":"","background-image":"","background-repeat":"repeat","background-position":"center center","background-size":"auto","background-attachment":"scroll","background-type":"","background-media":"","overlay-type":"","overlay-color":"","overlay-opacity":"","overlay-gradient":""},"mobile":{"background-color":"","background-image":"","background-repeat":"repeat","background-position":"center center","background-size":"auto","background-attachment":"scroll","background-type":"","background-media":"","overlay-type":"","overlay-color":"","overlay-opacity":"","overlay-gradient":""}},"ast-content-background-meta":{"desktop":{"background-color":"var(--ast-global-color-5)","background-image":"","background-repeat":"repeat","background-position":"center center","background-size":"auto","background-attachment":"scroll","background-type":"","background-media":"","overlay-type":"","overlay-color":"","overlay-opacity":"","overlay-gradient":""},"tablet":{"background-color":"var(--ast-global-color-5)","background-image":"","background-repeat":"repeat","background-position":"center center","background-size":"auto","background-attachment":"scroll","background-type":"","background-media":"","overlay-type":"","overlay-color":"","overlay-opacity":"","overlay-gradient":""},"mobile":{"background-color":"var(--ast-global-color-5)","background-image":"","background-repeat":"repeat","background-position":"center center","background-size":"auto","background-attachment":"scroll","background-type":"","background-media":"","overlay-type":"","overlay-color":"","overlay-opacity":"","overlay-gradient":""}}},"product_cat":[268],"product_tag":[],"class_list":{"0":"post-5104","1":"product","2":"type-product","3":"status-publish","4":"has-post-thumbnail","6":"product_cat-nyckelring","7":"desktop-align-center","8":"tablet-align-left","9":"mobile-align-left","11":"first","12":"instock","13":"taxable","14":"shipping-taxable","15":"purchasable","16":"product-type-variable"},"_links":{"self":[{"href":"https:\/\/repl4stic.gr\/sv\/wp-json\/wp\/v2\/product\/5104","targetHints":{"allow":["GET"]}}],"collection":[{"href":"https:\/\/repl4stic.gr\/sv\/wp-json\/wp\/v2\/product"}],"about":[{"href":"https:\/\/repl4stic.gr\/sv\/wp-json\/wp\/v2\/types\/product"}],"replies":[{"embeddable":true,"href":"https:\/\/repl4stic.gr\/sv\/wp-json\/wp\/v2\/comments?post=5104"}],"version-history":[{"count":0,"href":"https:\/\/repl4stic.gr\/sv\/wp-json\/wp\/v2\/product\/5104\/revisions"}],"wp:featuredmedia":[{"embeddable":true,"href":"https:\/\/repl4stic.gr\/sv\/wp-json\/wp\/v2\/media\/5068"}],"wp:attachment":[{"href":"https:\/\/repl4stic.gr\/sv\/wp-json\/wp\/v2\/media?parent=5104"}],"wp:term":[{"taxonomy":"product_cat","embeddable":true,"href":"https:\/\/repl4stic.gr\/sv\/wp-json\/wp\/v2\/product_cat?post=5104"},{"taxonomy":"product_tag","embeddable":true,"href":"https:\/\/repl4stic.gr\/sv\/wp-json\/wp\/v2\/product_tag?post=5104"}],"curies":[{"name":"wp","href":"https:\/\/api.w.org\/{rel}","templated":true}]}}