{"id":4979,"date":"2023-11-08T10:59:36","date_gmt":"2023-11-08T08:59:36","guid":{"rendered":"https:\/\/repl4stic.gr\/product\/40-timmars-sojavax-rott-cherubim\/"},"modified":"2023-11-08T11:21:30","modified_gmt":"2023-11-08T09:21:30","slug":"ljus-soja-rod-cherubim-dagbok","status":"publish","type":"product","link":"https:\/\/repl4stic.gr\/sv\/product\/ljus-soja-rod-cherubim-dagbok\/","title":{"rendered":"40+ timmars sojavax r\u00f6tt &#8221;Cherubim&#8221;"},"content":{"rendered":"","protected":false},"excerpt":{"rendered":"<p>Cheruvim-ljuset \u00e4r 100 % handgjort och milj\u00f6v\u00e4nligt, tillverkat av 100 % \u00e5tervunna plastlock och 100 % vegetabiliskt sojavax.<br \/>\nSojavax inneh\u00e5ller inga biprodukter fr\u00e5n petroleum och tillverkas av f\u00f6rnybara naturresurser, vilket g\u00f6r det till ett h\u00e5llbart val. Vid f\u00f6rbr\u00e4nning sl\u00e4pper detta sojavax inte ut CO2 i atmosf\u00e4ren och har f\u00f6rm\u00e5gan att brinna upp till 50% l\u00e4ngre \u00e4n paraffinvax, vilket g\u00f6r det till ett l\u00e5ngvarigt alternativ.<br \/>\nMen det \u00e4r inte allt. Ett mindre k\u00e4nt faktum om sojavax \u00e4r att n\u00e4r det sm\u00e4lter kan det ocks\u00e5 anv\u00e4ndas som handkr\u00e4m!<br \/>\n\ud83d\udd6f40+ timmar av br\u00e4nning<br \/>\n\ud83d\udd6f250 ml<br \/>\nHuvuddofter: samexistens av jasmin patchouli och ros<br \/>\nInstruktioner f\u00f6r anv\u00e4ndning:<br \/>\nF\u00f6rsta g\u00e5ngen du t\u00e4nder ljuset, l\u00e5t det brinna helt tills det<br \/>\nbeh\u00e5llarens kant (\u2248 4 timmar). Om du st\u00e4nger av den innan den t\u00e4cker den sm\u00e4lta<br \/>\nvaxa hela beh\u00e5llarens yta n\u00e4sta g\u00e5ng du t\u00e4nder den,<br \/>\nkommer bara att brinna upp till d\u00e4r det tidigare sm\u00e4lta vaxet n\u00e5dde (ja och<br \/>\nljus har fortfarande minne!).<br \/>\nInnan du t\u00e4nder den igen, f\u00f6r att f\u00e5 den att brinna b\u00e4ttre, rekommenderar vi att du sk\u00e4r<br \/>\nveken med en millimeter, annars kommer ljusets l\u00e5ga inte att brinna ordentligt.<br \/>\nSojavax \u00e4r k\u00e4nsligt f\u00f6r v\u00e4rme. Undvik att exponera den<br \/>\ndirekt i solen eller i en k\u00e4lla med intensiv v\u00e4rme.<br \/>\nAlla ljus \u00e4r handgjorda. Emellertid \u00e4r m\u00e4ngden vax<br \/>\nf\u00f6rblir densamma.<\/p>\n","protected":false},"featured_media":4970,"comment_status":"closed","ping_status":"closed","template":"","meta":{"site-sidebar-layout":"default","site-content-layout":"","ast-site-content-layout":"","site-content-style":"default","site-sidebar-style":"default","ast-global-header-display":"","ast-banner-title-visibility":"","ast-main-header-display":"","ast-hfb-above-header-display":"","ast-hfb-below-header-display":"","ast-hfb-mobile-header-display":"","site-post-title":"","ast-breadcrumbs-content":"","ast-featured-img":"","footer-sml-layout":"","theme-transparent-header-meta":"default","adv-header-id-meta":"","stick-header-meta":"","header-above-stick-meta":"","header-main-stick-meta":"","header-below-stick-meta":"","astra-migrate-meta-layouts":"default","ast-page-background-enabled":"default","ast-page-background-meta":{"desktop":{"background-color":"var(--ast-global-color-4)","background-image":"","background-repeat":"repeat","background-position":"center center","background-size":"auto","background-attachment":"scroll","background-type":"","background-media":"","overlay-type":"","overlay-color":"","overlay-opacity":"","overlay-gradient":""},"tablet":{"background-color":"","background-image":"","background-repeat":"repeat","background-position":"center center","background-size":"auto","background-attachment":"scroll","background-type":"","background-media":"","overlay-type":"","overlay-color":"","overlay-opacity":"","overlay-gradient":""},"mobile":{"background-color":"","background-image":"","background-repeat":"repeat","background-position":"center center","background-size":"auto","background-attachment":"scroll","background-type":"","background-media":"","overlay-type":"","overlay-color":"","overlay-opacity":"","overlay-gradient":""}},"ast-content-background-meta":{"desktop":{"background-color":"var(--ast-global-color-5)","background-image":"","background-repeat":"repeat","background-position":"center center","background-size":"auto","background-attachment":"scroll","background-type":"","background-media":"","overlay-type":"","overlay-color":"","overlay-opacity":"","overlay-gradient":""},"tablet":{"background-color":"var(--ast-global-color-5)","background-image":"","background-repeat":"repeat","background-position":"center center","background-size":"auto","background-attachment":"scroll","background-type":"","background-media":"","overlay-type":"","overlay-color":"","overlay-opacity":"","overlay-gradient":""},"mobile":{"background-color":"var(--ast-global-color-5)","background-image":"","background-repeat":"repeat","background-position":"center center","background-size":"auto","background-attachment":"scroll","background-type":"","background-media":"","overlay-type":"","overlay-color":"","overlay-opacity":"","overlay-gradient":""}}},"product_cat":[319],"product_tag":[],"class_list":{"0":"post-4979","1":"product","2":"type-product","3":"status-publish","4":"has-post-thumbnail","6":"product_cat-ljus","7":"desktop-align-center","8":"tablet-align-left","9":"mobile-align-left","11":"first","12":"instock","13":"taxable","14":"shipping-taxable","15":"purchasable","16":"product-type-simple"},"_links":{"self":[{"href":"https:\/\/repl4stic.gr\/sv\/wp-json\/wp\/v2\/product\/4979","targetHints":{"allow":["GET"]}}],"collection":[{"href":"https:\/\/repl4stic.gr\/sv\/wp-json\/wp\/v2\/product"}],"about":[{"href":"https:\/\/repl4stic.gr\/sv\/wp-json\/wp\/v2\/types\/product"}],"replies":[{"embeddable":true,"href":"https:\/\/repl4stic.gr\/sv\/wp-json\/wp\/v2\/comments?post=4979"}],"version-history":[{"count":1,"href":"https:\/\/repl4stic.gr\/sv\/wp-json\/wp\/v2\/product\/4979\/revisions"}],"predecessor-version":[{"id":4983,"href":"https:\/\/repl4stic.gr\/sv\/wp-json\/wp\/v2\/product\/4979\/revisions\/4983"}],"wp:featuredmedia":[{"embeddable":true,"href":"https:\/\/repl4stic.gr\/sv\/wp-json\/wp\/v2\/media\/4970"}],"wp:attachment":[{"href":"https:\/\/repl4stic.gr\/sv\/wp-json\/wp\/v2\/media?parent=4979"}],"wp:term":[{"taxonomy":"product_cat","embeddable":true,"href":"https:\/\/repl4stic.gr\/sv\/wp-json\/wp\/v2\/product_cat?post=4979"},{"taxonomy":"product_tag","embeddable":true,"href":"https:\/\/repl4stic.gr\/sv\/wp-json\/wp\/v2\/product_tag?post=4979"}],"curies":[{"name":"wp","href":"https:\/\/api.w.org\/{rel}","templated":true}]}}