{"id":3623,"date":"2022-07-18T16:04:59","date_gmt":"2022-07-18T14:04:59","guid":{"rendered":"https:\/\/repl4stic.gr\/atervinning\/"},"modified":"2023-03-11T18:48:56","modified_gmt":"2023-03-11T16:48:56","slug":"atervinning","status":"publish","type":"page","link":"https:\/\/repl4stic.gr\/sv\/atervinning\/","title":{"rendered":"\u00c5tervinning"},"content":{"rendered":"\t\t<div data-elementor-type=\"wp-page\" data-elementor-id=\"3623\" class=\"elementor elementor-3623\" data-elementor-post-type=\"page\">\n\t\t\t\t\t\t<section class=\"elementor-section elementor-top-section elementor-element elementor-element-f005aa6 elementor-reverse-mobile elementor-section-boxed elementor-section-height-default elementor-section-height-default\" data-id=\"f005aa6\" data-element_type=\"section\" data-settings=\"{&quot;background_background&quot;:&quot;classic&quot;}\">\n\t\t\t\t\t\t\t<div class=\"elementor-background-overlay\"><\/div>\n\t\t\t\t\t\t\t<div class=\"elementor-container elementor-column-gap-default\">\n\t\t\t\t\t<div class=\"elementor-column elementor-col-50 elementor-top-column elementor-element elementor-element-05f5706\" data-id=\"05f5706\" data-element_type=\"column\">\n\t\t\t<div class=\"elementor-widget-wrap elementor-element-populated\">\n\t\t\t\t\t\t<div class=\"elementor-element elementor-element-578e574 elementor-widget elementor-widget-spacer\" data-id=\"578e574\" data-element_type=\"widget\" data-widget_type=\"spacer.default\">\n\t\t\t\t<div class=\"elementor-widget-container\">\n\t\t\t\t\t<div class=\"elementor-spacer\">\n\t\t\t<div class=\"elementor-spacer-inner\"><\/div>\n\t\t<\/div>\n\t\t\t\t<\/div>\n\t\t\t\t<\/div>\n\t\t\t\t<div class=\"elementor-element elementor-element-027bd8a elementor-widget elementor-widget-heading\" data-id=\"027bd8a\" data-element_type=\"widget\" data-widget_type=\"heading.default\">\n\t\t\t\t<div class=\"elementor-widget-container\">\n\t\t\t<h1 class=\"elementor-heading-title elementor-size-default\">\u00c5tervinning!<\/h1>\t\t<\/div>\n\t\t\t\t<\/div>\n\t\t\t\t\t<\/div>\n\t\t<\/div>\n\t\t\t\t<div class=\"elementor-column elementor-col-50 elementor-top-column elementor-element elementor-element-0e2638b\" data-id=\"0e2638b\" data-element_type=\"column\">\n\t\t\t<div class=\"elementor-widget-wrap elementor-element-populated\">\n\t\t\t\t\t\t<div class=\"elementor-element elementor-element-0287f7f elementor-widget elementor-widget-spacer\" data-id=\"0287f7f\" data-element_type=\"widget\" data-widget_type=\"spacer.default\">\n\t\t\t\t<div class=\"elementor-widget-container\">\n\t\t\t\t\t<div class=\"elementor-spacer\">\n\t\t\t<div class=\"elementor-spacer-inner\"><\/div>\n\t\t<\/div>\n\t\t\t\t<\/div>\n\t\t\t\t<\/div>\n\t\t\t\t<div class=\"elementor-element elementor-element-4032649 elementor-widget elementor-widget-tp-image-factory\" data-id=\"4032649\" data-element_type=\"widget\" data-widget_type=\"tp-image-factory.default\">\n\t\t\t\t<div class=\"elementor-widget-container\">\n\t\t\t<div id=\"plus69d05247487be\" class=\"plus-adv-text-widget plus-widget-wrapper    image-floating\"  ><div class=\"plus-widget-inner-wrap   \"  ><div id=\"plus69d0524748b70\" class=\"pt-plus-animated-image-wrapper      image-floating\" ><div class=\"animated-image-parallax   \" ><div class=\"pt_plus_animated_image bg-image69d0524748b6c text-center  text--mobilecenter  \"  > <figure class=\"     \"  ><div class=\"vc_single_image-wrapper   \"><img fetchpriority=\"high\" decoding=\"async\" width=\"1000\" height=\"937\" src=\"https:\/\/repl4stic.gr\/wp-content\/uploads\/2022\/08\/upcycle-repl4stic.png\" class=\"attachment-full size-full wp-image-1002\" alt=\"\" loading=\"eager\" srcset=\"https:\/\/repl4stic.gr\/wp-content\/uploads\/2022\/08\/upcycle-repl4stic.png 1000w, https:\/\/repl4stic.gr\/wp-content\/uploads\/2022\/08\/upcycle-repl4stic-600x562.png 600w, https:\/\/repl4stic.gr\/wp-content\/uploads\/2022\/08\/upcycle-repl4stic-300x281.png 300w, https:\/\/repl4stic.gr\/wp-content\/uploads\/2022\/08\/upcycle-repl4stic-768x720.png 768w\" sizes=\"(max-width: 1000px) 100vw, 1000px\" \/><\/div> <\/figure> <\/div><\/div><\/div><\/div><\/div>\t\t<\/div>\n\t\t\t\t<\/div>\n\t\t\t\t\t<\/div>\n\t\t<\/div>\n\t\t\t\t\t<\/div>\n\t\t<\/section>\n\t\t\t\t<section class=\"elementor-section elementor-top-section elementor-element elementor-element-ae311b0 elementor-section-boxed elementor-section-height-default elementor-section-height-default\" data-id=\"ae311b0\" data-element_type=\"section\">\n\t\t\t\t\t\t<div class=\"elementor-container elementor-column-gap-default\">\n\t\t\t\t\t<div class=\"elementor-column elementor-col-100 elementor-top-column elementor-element elementor-element-42d9ba6\" data-id=\"42d9ba6\" data-element_type=\"column\">\n\t\t\t<div class=\"elementor-widget-wrap elementor-element-populated\">\n\t\t\t\t\t\t<section class=\"elementor-section elementor-inner-section elementor-element elementor-element-ce9e99c elementor-section-boxed elementor-section-height-default elementor-section-height-default\" data-id=\"ce9e99c\" data-element_type=\"section\">\n\t\t\t\t\t\t<div class=\"elementor-container elementor-column-gap-extended\">\n\t\t\t\t\t<div class=\"elementor-column elementor-col-50 elementor-inner-column elementor-element elementor-element-fab1510\" data-id=\"fab1510\" data-element_type=\"column\">\n\t\t\t<div class=\"elementor-widget-wrap elementor-element-populated\">\n\t\t\t\t\t\t<div class=\"elementor-element elementor-element-b39a487 elementor-widget elementor-widget-tp-flip-box\" data-id=\"b39a487\" data-element_type=\"widget\" data-widget_type=\"tp-flip-box.default\">\n\t\t\t\t<div class=\"elementor-widget-container\">\n\t\t\t<div class=\"pt_plus_info_box    flip_box69d052474f411 info-box-style_5    \"  dir= data-id=\"flip_box69d052474f411\"   ><div class=\"post-inner-loop\"><div class=\"info-box-inner content_hover_effect \"  ><div class=\"info-box-bg-box\"><div class=\"service-flipbox flip-horizontal height-full\"><div class=\"service-flipbox-holder height-full text-center perspective bezier-1\"><div class=\"service-flipbox-front  bezier-1 no-backface origin-center\"><div class=\"service-flipbox-content width-full\"><span class=\"service-icon  \"><i aria-hidden=\"true\" class=\"fas fa-recycle\"><\/i><\/span><div class=\"service-content\"><div class=\"service-title\"> \u00c5tervinning   <\/div><\/div><\/div><div class=\"infobox-front-overlay\"><\/div><\/div><div class=\"service-flipbox-back  fold-back-horizontal no-backface bezier-1 origin-center\"><div class=\"service-flipbox-content width-full\"><div class=\"service-desc\"> <p>\u00c5tervinning \u00e4r en process d\u00e4r olika material eller produkter som inte l\u00e4ngre \u00e4r anv\u00e4ndbara f\u00f6r m\u00e4nniskor \u00e5teranv\u00e4nds. I den h\u00e4r processen omvandlas avfall vanligtvis till r\u00e5material som anv\u00e4nds f\u00f6r att tillverka nya produkter.<\/p>\n <\/div><\/div><div class=\"infobox-back-overlay\"><\/div><\/div><\/div><\/div><\/div><\/div><\/div><\/div>\t\t<\/div>\n\t\t\t\t<\/div>\n\t\t\t\t\t<\/div>\n\t\t<\/div>\n\t\t\t\t<div class=\"elementor-column elementor-col-50 elementor-inner-column elementor-element elementor-element-d126ff7\" data-id=\"d126ff7\" data-element_type=\"column\">\n\t\t\t<div class=\"elementor-widget-wrap elementor-element-populated\">\n\t\t\t\t\t\t<div class=\"elementor-element elementor-element-285780c elementor-widget elementor-widget-tp-flip-box\" data-id=\"285780c\" data-element_type=\"widget\" data-widget_type=\"tp-flip-box.default\">\n\t\t\t\t<div class=\"elementor-widget-container\">\n\t\t\t<div class=\"pt_plus_info_box    flip_box69d052474ffcf info-box-style_5    \"  dir= data-id=\"flip_box69d052474ffcf\"   ><div class=\"post-inner-loop\"><div class=\"info-box-inner content_hover_effect \"  ><div class=\"info-box-bg-box\"><div class=\"service-flipbox flip-horizontal height-full\"><div class=\"service-flipbox-holder height-full text-center perspective bezier-1\"><div class=\"service-flipbox-front  bezier-1 no-backface origin-center\"><div class=\"service-flipbox-content width-full\"><span class=\"service-icon  \"><i aria-hidden=\"true\" class=\"fas fa-bullseye\"><\/i><\/span><div class=\"service-content\"><div class=\"service-title\"> M\u00e5l <\/div><\/div><\/div><div class=\"infobox-front-overlay\"><\/div><\/div><div class=\"service-flipbox-back  fold-back-horizontal no-backface bezier-1 origin-center\"><div class=\"service-flipbox-content width-full\"><div class=\"service-desc\"> <p>Syftet med \u00e5tervinning \u00e4r att omvandla milj\u00f6skadliga material till mindre skadliga eller till och med oskadliga material. Minskar f\u00f6rbrukningen av r\u00e5varor och m\u00e4ngden avfall som g\u00e5r till deponier! Det \u00e4r ett nyckelbegrepp i modern avfallshantering.<\/p>\n <\/div><\/div><div class=\"infobox-back-overlay\"><\/div><\/div><\/div><\/div><\/div><\/div><\/div><\/div>\t\t<\/div>\n\t\t\t\t<\/div>\n\t\t\t\t\t<\/div>\n\t\t<\/div>\n\t\t\t\t\t<\/div>\n\t\t<\/section>\n\t\t\t\t<div class=\"elementor-element elementor-element-cf897b0 elementor-widget elementor-widget-spacer\" data-id=\"cf897b0\" data-element_type=\"widget\" data-widget_type=\"spacer.default\">\n\t\t\t\t<div class=\"elementor-widget-container\">\n\t\t\t\t\t<div class=\"elementor-spacer\">\n\t\t\t<div class=\"elementor-spacer-inner\"><\/div>\n\t\t<\/div>\n\t\t\t\t<\/div>\n\t\t\t\t<\/div>\n\t\t\t\t<div class=\"elementor-element elementor-element-07ae67a elementor-widget elementor-widget-text-editor\" data-id=\"07ae67a\" data-element_type=\"widget\" data-widget_type=\"text-editor.default\">\n\t\t\t\t<div class=\"elementor-widget-container\">\n\t\t\t\t\t\t\t<h3><strong>Cirkul\u00e4r ekonomi och \u00e5tervinning  <\/strong><\/h3>\n<p style=\"text-align: left\">Den cirkul\u00e4ra ekonomin inneb\u00e4r att produkter tillverkas genom \u00e5teranv\u00e4ndning och \u00e5tervinning av befintliga produkter f\u00f6r att f\u00f6rl\u00e4nga deras livscykel. Genom den cirkul\u00e4ra ekonomin minskas avfallet till ett minimum. N\u00e4r en produkt har n\u00e5tt slutet av sin livsl\u00e4ngd beh\u00e5lls de material som anv\u00e4nts f\u00f6r att tillverka den och \u00e5teranv\u00e4nds p\u00e5 n\u00e5got s\u00e4tt, vilket ger produkten ett merv\u00e4rde.<\/p>\n<p style=\"text-align: left\">En f\u00f6rb\u00e4ttrad avfallshantering kan ge stora f\u00f6rdelar f\u00f6r milj\u00f6n, klimatet och m\u00e4nniskors h\u00e4lsa.<\/p>\n\t\t\t\t\t\t<\/div>\n\t\t\t\t<\/div>\n\t\t\t\t<div class=\"elementor-element elementor-element-d8f96c8 elementor-icon-list--layout-inline elementor-align-center elementor-list-item-link-full_width elementor-widget elementor-widget-icon-list\" data-id=\"d8f96c8\" data-element_type=\"widget\" data-widget_type=\"icon-list.default\">\n\t\t\t\t<div class=\"elementor-widget-container\">\n\t\t\t\t\t<ul class=\"elementor-icon-list-items elementor-inline-items\">\n\t\t\t\t\t\t\t<li class=\"elementor-icon-list-item elementor-inline-item\">\n\t\t\t\t\t\t\t\t\t\t\t<span class=\"elementor-icon-list-icon\">\n\t\t\t\t\t\t\t<i aria-hidden=\"true\" class=\"fas fa-check\"><\/i>\t\t\t\t\t\t<\/span>\n\t\t\t\t\t\t\t\t\t\t<span class=\"elementor-icon-list-text\">\u00c5tervinning  <\/span>\n\t\t\t\t\t\t\t\t\t<\/li>\n\t\t\t\t\t\t\t\t<li class=\"elementor-icon-list-item elementor-inline-item\">\n\t\t\t\t\t\t\t\t\t\t\t<span class=\"elementor-icon-list-icon\">\n\t\t\t\t\t\t\t<i aria-hidden=\"true\" class=\"fas fa-check\"><\/i>\t\t\t\t\t\t<\/span>\n\t\t\t\t\t\t\t\t\t\t<span class=\"elementor-icon-list-text\">N\u00e4stan ingen eller ingen avfallsgenerering  <\/span>\n\t\t\t\t\t\t\t\t\t<\/li>\n\t\t\t\t\t\t\t\t<li class=\"elementor-icon-list-item elementor-inline-item\">\n\t\t\t\t\t\t\t\t\t\t\t<span class=\"elementor-icon-list-icon\">\n\t\t\t\t\t\t\t<i aria-hidden=\"true\" class=\"fas fa-check\"><\/i>\t\t\t\t\t\t<\/span>\n\t\t\t\t\t\t\t\t\t\t<span class=\"elementor-icon-list-text\">Ekonomisk planering  <\/span>\n\t\t\t\t\t\t\t\t\t<\/li>\n\t\t\t\t\t\t\t\t<li class=\"elementor-icon-list-item elementor-inline-item\">\n\t\t\t\t\t\t\t\t\t\t\t<span class=\"elementor-icon-list-icon\">\n\t\t\t\t\t\t\t<i aria-hidden=\"true\" class=\"fas fa-check\"><\/i>\t\t\t\t\t\t<\/span>\n\t\t\t\t\t\t\t\t\t\t<span class=\"elementor-icon-list-text\">Minskning av CO2-avtrycket<\/span>\n\t\t\t\t\t\t\t\t\t<\/li>\n\t\t\t\t\t\t<\/ul>\n\t\t\t\t<\/div>\n\t\t\t\t<\/div>\n\t\t\t\t<div class=\"elementor-element elementor-element-5a343a3 elementor-widget elementor-widget-spacer\" data-id=\"5a343a3\" data-element_type=\"widget\" data-widget_type=\"spacer.default\">\n\t\t\t\t<div class=\"elementor-widget-container\">\n\t\t\t\t\t<div class=\"elementor-spacer\">\n\t\t\t<div class=\"elementor-spacer-inner\"><\/div>\n\t\t<\/div>\n\t\t\t\t<\/div>\n\t\t\t\t<\/div>\n\t\t\t\t<div class=\"elementor-element elementor-element-1f2be65 elementor-widget elementor-widget-progress\" data-id=\"1f2be65\" data-element_type=\"widget\" data-widget_type=\"progress.default\">\n\t\t\t\t<div class=\"elementor-widget-container\">\n\t\t\t\t\t\t<span class=\"elementor-title\" id=\"elementor-progress-bar-1f2be65\">\n\t\t\t\t\u00c5tervinning i Grekland\t\t\t<\/span>\n\t\t\n\t\t<div aria-labelledby=\"elementor-progress-bar-1f2be65\" class=\"elementor-progress-wrapper\" role=\"progressbar\" aria-valuemin=\"0\" aria-valuemax=\"100\" aria-valuenow=\"20\" aria-valuetext=\"20% (\u00c5tervinning av avfall)\">\n\t\t\t<div class=\"elementor-progress-bar\" data-max=\"20\">\n\t\t\t\t<span class=\"elementor-progress-text\">\u00c5tervinning av avfall<\/span>\n\t\t\t\t\t\t\t\t\t<span class=\"elementor-progress-percentage\">20%<\/span>\n\t\t\t\t\t\t\t<\/div>\n\t\t<\/div>\n\t\t\t\t<\/div>\n\t\t\t\t<\/div>\n\t\t\t\t<div class=\"elementor-element elementor-element-61670b9 elementor-widget elementor-widget-text-editor\" data-id=\"61670b9\" data-element_type=\"widget\" data-widget_type=\"text-editor.default\">\n\t\t\t\t<div class=\"elementor-widget-container\">\n\t\t\t\t\t\t\t<p>Grekland \u00e5tervinner mindre \u00e4n 20 procent av sitt avfall och ligger l\u00e5ngt efter EU-genomsnittet.<\/p>\n\t\t\t\t\t\t<\/div>\n\t\t\t\t<\/div>\n\t\t\t\t<div class=\"elementor-element elementor-element-2e20cce elementor-widget elementor-widget-spacer\" data-id=\"2e20cce\" data-element_type=\"widget\" data-widget_type=\"spacer.default\">\n\t\t\t\t<div class=\"elementor-widget-container\">\n\t\t\t\t\t<div class=\"elementor-spacer\">\n\t\t\t<div class=\"elementor-spacer-inner\"><\/div>\n\t\t<\/div>\n\t\t\t\t<\/div>\n\t\t\t\t<\/div>\n\t\t\t\t\t<\/div>\n\t\t<\/div>\n\t\t\t\t\t<\/div>\n\t\t<\/section>\n\t\t\t\t<section class=\"elementor-section elementor-top-section elementor-element elementor-element-26b852c elementor-section-boxed elementor-section-height-default elementor-section-height-default\" data-id=\"26b852c\" data-element_type=\"section\">\n\t\t\t\t\t\t<div class=\"elementor-container elementor-column-gap-default\">\n\t\t\t\t\t<div class=\"elementor-column elementor-col-100 elementor-top-column elementor-element elementor-element-c02b8b5\" data-id=\"c02b8b5\" data-element_type=\"column\">\n\t\t\t<div class=\"elementor-widget-wrap elementor-element-populated\">\n\t\t\t\t\t\t<section class=\"elementor-section elementor-inner-section elementor-element elementor-element-d31f9fa elementor-section-boxed elementor-section-height-default elementor-section-height-default\" data-id=\"d31f9fa\" data-element_type=\"section\">\n\t\t\t\t\t\t<div class=\"elementor-container elementor-column-gap-default\">\n\t\t\t\t\t<div class=\"elementor-column elementor-col-25 elementor-inner-column elementor-element elementor-element-8d0b034\" data-id=\"8d0b034\" data-element_type=\"column\">\n\t\t\t<div class=\"elementor-widget-wrap\">\n\t\t\t\t\t\t\t<\/div>\n\t\t<\/div>\n\t\t\t\t<div class=\"elementor-column elementor-col-25 elementor-inner-column elementor-element elementor-element-366b950\" data-id=\"366b950\" data-element_type=\"column\">\n\t\t\t<div class=\"elementor-widget-wrap elementor-element-populated\">\n\t\t\t\t\t\t<div class=\"elementor-element elementor-element-920a1da elementor-widget elementor-widget-image\" data-id=\"920a1da\" data-element_type=\"widget\" data-widget_type=\"image.default\">\n\t\t\t\t<div class=\"elementor-widget-container\">\n\t\t\t\t\t\t\t\t\t\t\t\t\t<img decoding=\"async\" width=\"766\" height=\"1024\" src=\"https:\/\/repl4stic.gr\/wp-content\/uploads\/2022\/07\/6b691203-ad64-4deb-8875-cbcda57d88d3-766x1024.jpg\" class=\"attachment-large size-large wp-image-3340\" alt=\"\" srcset=\"https:\/\/repl4stic.gr\/wp-content\/uploads\/2022\/07\/6b691203-ad64-4deb-8875-cbcda57d88d3-766x1024.jpg 766w, https:\/\/repl4stic.gr\/wp-content\/uploads\/2022\/07\/6b691203-ad64-4deb-8875-cbcda57d88d3-600x802.jpg 600w, https:\/\/repl4stic.gr\/wp-content\/uploads\/2022\/07\/6b691203-ad64-4deb-8875-cbcda57d88d3-225x300.jpg 225w, https:\/\/repl4stic.gr\/wp-content\/uploads\/2022\/07\/6b691203-ad64-4deb-8875-cbcda57d88d3-768x1026.jpg 768w, https:\/\/repl4stic.gr\/wp-content\/uploads\/2022\/07\/6b691203-ad64-4deb-8875-cbcda57d88d3.jpg 958w\" sizes=\"(max-width: 766px) 100vw, 766px\" loading=\"eager\" \/>\t\t\t\t\t\t\t\t\t\t\t\t\t<\/div>\n\t\t\t\t<\/div>\n\t\t\t\t\t<\/div>\n\t\t<\/div>\n\t\t\t\t<div class=\"elementor-column elementor-col-25 elementor-inner-column elementor-element elementor-element-6860196\" data-id=\"6860196\" data-element_type=\"column\">\n\t\t\t<div class=\"elementor-widget-wrap elementor-element-populated\">\n\t\t\t\t\t\t<div class=\"elementor-element elementor-element-85acde9 elementor-widget elementor-widget-text-editor\" data-id=\"85acde9\" data-element_type=\"widget\" data-widget_type=\"text-editor.default\">\n\t\t\t\t<div class=\"elementor-widget-container\">\n\t\t\t\t\t\t\t<h4 style=\"text-align: left\">Produkterna<\/h4>\n<p>Produkterna \u00e4r tillverkade av \u00e5tervunna flaskkapslar av plast. Enligt statistiken hamnar de flesta locken i v\u00e5ra hav. Studier har visat att 11 000 ton plast dumpas i grekiska hav och 570 000 ton plast dumpas i Medelhavet. \u00c5tervinning av 1 kg (kilo) plast minskar koldioxidutsl\u00e4ppen med 1,5 kg (kilo).<\/p>\n\t\t\t\t\t\t<\/div>\n\t\t\t\t<\/div>\n\t\t\t\t\t<\/div>\n\t\t<\/div>\n\t\t\t\t<div class=\"elementor-column elementor-col-25 elementor-inner-column elementor-element elementor-element-f18e054\" data-id=\"f18e054\" data-element_type=\"column\">\n\t\t\t<div class=\"elementor-widget-wrap\">\n\t\t\t\t\t\t\t<\/div>\n\t\t<\/div>\n\t\t\t\t\t<\/div>\n\t\t<\/section>\n\t\t\t\t<div class=\"elementor-element elementor-element-b24dcf7 elementor-widget elementor-widget-spacer\" data-id=\"b24dcf7\" data-element_type=\"widget\" data-widget_type=\"spacer.default\">\n\t\t\t\t<div class=\"elementor-widget-container\">\n\t\t\t\t\t<div class=\"elementor-spacer\">\n\t\t\t<div class=\"elementor-spacer-inner\"><\/div>\n\t\t<\/div>\n\t\t\t\t<\/div>\n\t\t\t\t<\/div>\n\t\t\t\t\t<\/div>\n\t\t<\/div>\n\t\t\t\t\t<\/div>\n\t\t<\/section>\n\t\t\t\t<\/div>\n\t\t","protected":false},"excerpt":{"rendered":"<p>\u00c5tervinning! \u00c5tervinning \u00c5tervinning \u00e4r en process d\u00e4r olika material eller produkter som inte l\u00e4ngre \u00e4r anv\u00e4ndbara f\u00f6r m\u00e4nniskor \u00e5teranv\u00e4nds. I den h\u00e4r processen omvandlas avfall vanligtvis till r\u00e5material som anv\u00e4nds f\u00f6r att tillverka nya produkter. M\u00e5l Syftet med \u00e5tervinning \u00e4r att omvandla milj\u00f6skadliga material till mindre skadliga eller till och med oskadliga material. Minskar f\u00f6rbrukningen [&hellip;]<\/p>\n","protected":false},"author":3,"featured_media":0,"parent":0,"menu_order":0,"comment_status":"closed","ping_status":"closed","template":"","meta":{"site-sidebar-layout":"default","site-content-layout":"","ast-site-content-layout":"","site-content-style":"default","site-sidebar-style":"default","ast-global-header-display":"","ast-banner-title-visibility":"","ast-main-header-display":"","ast-hfb-above-header-display":"","ast-hfb-below-header-display":"","ast-hfb-mobile-header-display":"","site-post-title":"","ast-breadcrumbs-content":"","ast-featured-img":"","footer-sml-layout":"","theme-transparent-header-meta":"","adv-header-id-meta":"","stick-header-meta":"","header-above-stick-meta":"","header-main-stick-meta":"","header-below-stick-meta":"","astra-migrate-meta-layouts":"default","ast-page-background-enabled":"default","ast-page-background-meta":{"desktop":{"background-color":"var(--ast-global-color-4)","background-image":"","background-repeat":"repeat","background-position":"center center","background-size":"auto","background-attachment":"scroll","background-type":"","background-media":"","overlay-type":"","overlay-color":"","overlay-opacity":"","overlay-gradient":""},"tablet":{"background-color":"","background-image":"","background-repeat":"repeat","background-position":"center center","background-size":"auto","background-attachment":"scroll","background-type":"","background-media":"","overlay-type":"","overlay-color":"","overlay-opacity":"","overlay-gradient":""},"mobile":{"background-color":"","background-image":"","background-repeat":"repeat","background-position":"center center","background-size":"auto","background-attachment":"scroll","background-type":"","background-media":"","overlay-type":"","overlay-color":"","overlay-opacity":"","overlay-gradient":""}},"ast-content-background-meta":{"desktop":{"background-color":"var(--ast-global-color-5)","background-image":"","background-repeat":"repeat","background-position":"center center","background-size":"auto","background-attachment":"scroll","background-type":"","background-media":"","overlay-type":"","overlay-color":"","overlay-opacity":"","overlay-gradient":""},"tablet":{"background-color":"var(--ast-global-color-5)","background-image":"","background-repeat":"repeat","background-position":"center center","background-size":"auto","background-attachment":"scroll","background-type":"","background-media":"","overlay-type":"","overlay-color":"","overlay-opacity":"","overlay-gradient":""},"mobile":{"background-color":"var(--ast-global-color-5)","background-image":"","background-repeat":"repeat","background-position":"center center","background-size":"auto","background-attachment":"scroll","background-type":"","background-media":"","overlay-type":"","overlay-color":"","overlay-opacity":"","overlay-gradient":""}},"footnotes":""},"class_list":["post-3623","page","type-page","status-publish","hentry"],"_links":{"self":[{"href":"https:\/\/repl4stic.gr\/sv\/wp-json\/wp\/v2\/pages\/3623","targetHints":{"allow":["GET"]}}],"collection":[{"href":"https:\/\/repl4stic.gr\/sv\/wp-json\/wp\/v2\/pages"}],"about":[{"href":"https:\/\/repl4stic.gr\/sv\/wp-json\/wp\/v2\/types\/page"}],"author":[{"embeddable":true,"href":"https:\/\/repl4stic.gr\/sv\/wp-json\/wp\/v2\/users\/3"}],"replies":[{"embeddable":true,"href":"https:\/\/repl4stic.gr\/sv\/wp-json\/wp\/v2\/comments?post=3623"}],"version-history":[{"count":1,"href":"https:\/\/repl4stic.gr\/sv\/wp-json\/wp\/v2\/pages\/3623\/revisions"}],"predecessor-version":[{"id":3625,"href":"https:\/\/repl4stic.gr\/sv\/wp-json\/wp\/v2\/pages\/3623\/revisions\/3625"}],"wp:attachment":[{"href":"https:\/\/repl4stic.gr\/sv\/wp-json\/wp\/v2\/media?parent=3623"}],"curies":[{"name":"wp","href":"https:\/\/api.w.org\/{rel}","templated":true}]}}