{"id":3615,"date":"2022-07-18T16:04:42","date_gmt":"2022-07-18T14:04:42","guid":{"rendered":"https:\/\/repl4stic.gr\/foretaget\/"},"modified":"2023-03-11T18:48:55","modified_gmt":"2023-03-11T16:48:55","slug":"foretaget","status":"publish","type":"page","link":"https:\/\/repl4stic.gr\/sv\/foretaget\/","title":{"rendered":"F\u00f6retaget"},"content":{"rendered":"\t\t<div data-elementor-type=\"wp-page\" data-elementor-id=\"3615\" class=\"elementor elementor-3615\" data-elementor-post-type=\"page\">\n\t\t\t\t\t\t<section class=\"elementor-section elementor-top-section elementor-element elementor-element-60a058c elementor-reverse-mobile elementor-section-boxed elementor-section-height-default elementor-section-height-default\" data-id=\"60a058c\" data-element_type=\"section\" data-settings=\"{&quot;background_background&quot;:&quot;classic&quot;}\">\n\t\t\t\t\t\t\t<div class=\"elementor-background-overlay\"><\/div>\n\t\t\t\t\t\t\t<div class=\"elementor-container elementor-column-gap-default\">\n\t\t\t\t\t<div class=\"elementor-column elementor-col-50 elementor-top-column elementor-element elementor-element-4b5920b\" data-id=\"4b5920b\" data-element_type=\"column\">\n\t\t\t<div class=\"elementor-widget-wrap elementor-element-populated\">\n\t\t\t\t\t\t<div class=\"elementor-element elementor-element-0c0a2bb elementor-widget elementor-widget-spacer\" data-id=\"0c0a2bb\" data-element_type=\"widget\" data-widget_type=\"spacer.default\">\n\t\t\t\t<div class=\"elementor-widget-container\">\n\t\t\t\t\t<div class=\"elementor-spacer\">\n\t\t\t<div class=\"elementor-spacer-inner\"><\/div>\n\t\t<\/div>\n\t\t\t\t<\/div>\n\t\t\t\t<\/div>\n\t\t\t\t<div class=\"elementor-element elementor-element-2a79006 elementor-widget elementor-widget-heading\" data-id=\"2a79006\" data-element_type=\"widget\" data-widget_type=\"heading.default\">\n\t\t\t\t<div class=\"elementor-widget-container\">\n\t\t\t<h1 class=\"elementor-heading-title elementor-size-default\">Vilka vi \u00e4r...<\/h1>\t\t<\/div>\n\t\t\t\t<\/div>\n\t\t\t\t\t<\/div>\n\t\t<\/div>\n\t\t\t\t<div class=\"elementor-column elementor-col-50 elementor-top-column elementor-element elementor-element-5563559\" data-id=\"5563559\" data-element_type=\"column\">\n\t\t\t<div class=\"elementor-widget-wrap elementor-element-populated\">\n\t\t\t\t\t\t<div class=\"elementor-element elementor-element-e94d5be elementor-widget elementor-widget-spacer\" data-id=\"e94d5be\" data-element_type=\"widget\" data-widget_type=\"spacer.default\">\n\t\t\t\t<div class=\"elementor-widget-container\">\n\t\t\t\t\t<div class=\"elementor-spacer\">\n\t\t\t<div class=\"elementor-spacer-inner\"><\/div>\n\t\t<\/div>\n\t\t\t\t<\/div>\n\t\t\t\t<\/div>\n\t\t\t\t<div class=\"elementor-element elementor-element-67b2c90 elementor-widget elementor-widget-tp-image-factory\" data-id=\"67b2c90\" data-element_type=\"widget\" data-widget_type=\"tp-image-factory.default\">\n\t\t\t\t<div class=\"elementor-widget-container\">\n\t\t\t<div id=\"plus69ebb85d91d02\" class=\"plus-adv-text-widget plus-widget-wrapper    image-floating\"  ><div class=\"plus-widget-inner-wrap   \"  ><div id=\"plus69ebb85d920dc\" class=\"pt-plus-animated-image-wrapper      image-floating\" ><div class=\"animated-image-parallax   \" ><div class=\"pt_plus_animated_image bg-image69ebb85d920d8 text-center  text--mobilecenter  \"  > <figure class=\"     \"  ><div class=\"vc_single_image-wrapper   \"><img fetchpriority=\"high\" decoding=\"async\" width=\"1000\" height=\"937\" src=\"https:\/\/repl4stic.gr\/wp-content\/uploads\/2022\/08\/aboutus-repl4stic.png\" class=\"attachment-full size-full wp-image-973\" alt=\"\" loading=\"eager\" srcset=\"https:\/\/repl4stic.gr\/wp-content\/uploads\/2022\/08\/aboutus-repl4stic.png 1000w, https:\/\/repl4stic.gr\/wp-content\/uploads\/2022\/08\/aboutus-repl4stic-600x562.png 600w, https:\/\/repl4stic.gr\/wp-content\/uploads\/2022\/08\/aboutus-repl4stic-300x281.png 300w, https:\/\/repl4stic.gr\/wp-content\/uploads\/2022\/08\/aboutus-repl4stic-768x720.png 768w\" sizes=\"(max-width: 1000px) 100vw, 1000px\" \/><\/div> <\/figure> <\/div><\/div><\/div><\/div><\/div>\t\t<\/div>\n\t\t\t\t<\/div>\n\t\t\t\t\t<\/div>\n\t\t<\/div>\n\t\t\t\t\t<\/div>\n\t\t<\/section>\n\t\t\t\t<section class=\"elementor-section elementor-top-section elementor-element elementor-element-6fcb80e elementor-section-boxed elementor-section-height-default elementor-section-height-default\" data-id=\"6fcb80e\" data-element_type=\"section\">\n\t\t\t\t\t\t<div class=\"elementor-container elementor-column-gap-default\">\n\t\t\t\t\t<div class=\"elementor-column elementor-col-100 elementor-top-column elementor-element elementor-element-acaf70a\" data-id=\"acaf70a\" data-element_type=\"column\">\n\t\t\t<div class=\"elementor-widget-wrap elementor-element-populated\">\n\t\t\t\t\t\t<div class=\"elementor-element elementor-element-d9751b6 elementor-widget elementor-widget-tp-heading-animation\" data-id=\"d9751b6\" data-element_type=\"widget\" data-widget_type=\"tp-heading-animation.default\">\n\t\t\t\t<div class=\"elementor-widget-container\">\n\t\t\t<style>.heading-animation69ebb85d9360c .pt-plus-cd-headline.loading-bar .cd-words-wrapper::after{background-color: #313131;}<\/style><div class=\"pt-plus-heading-animation heading-animation head-anim-style-1  heading-animation69ebb85d9360c\"  ><h1 class=\"pt-plus-cd-headline letters type\" ><span>Replastic-teamet tillhandah\u00e5ller produkter<br> <\/span><span class=\"cd-words-wrapper waiting\" style=\"background: #d3d3d3;\"><b  class=\"is-visible\"> 100 % \u00e5tervunnen  <\/b><b> med 0 % avfall<\/b><\/span><\/h1><\/div>\t\t<\/div>\n\t\t\t\t<\/div>\n\t\t\t\t<div class=\"elementor-element elementor-element-4e24a38 elementor-widget elementor-widget-spacer\" data-id=\"4e24a38\" data-element_type=\"widget\" data-widget_type=\"spacer.default\">\n\t\t\t\t<div class=\"elementor-widget-container\">\n\t\t\t\t\t<div class=\"elementor-spacer\">\n\t\t\t<div class=\"elementor-spacer-inner\"><\/div>\n\t\t<\/div>\n\t\t\t\t<\/div>\n\t\t\t\t<\/div>\n\t\t\t\t<div class=\"elementor-element elementor-element-51fd1a6 elementor-widget elementor-widget-text-editor\" data-id=\"51fd1a6\" data-element_type=\"widget\" data-widget_type=\"text-editor.default\">\n\t\t\t\t<div class=\"elementor-widget-container\">\n\t\t\t\t\t\t\t<p><strong>Repl4stic<\/strong>  \u00e4r en kreativ satsning av en grupp m\u00e4nniskor med m\u00e5nga olika yrkesm\u00e4ssiga bakgrunder som har g\u00e5tt samman f\u00f6r att delta i det globala arbetet med att utveckla aktiviteter som fr\u00e4mjar h\u00e5llbar utveckling och bidrar till ett st\u00f6rre ekologiskt fotavtryck f\u00f6r milj\u00f6n, samh\u00e4llet och ekonomin.<\/p>\n<p>Repl4stic f\u00f6rs\u00f6ker \u00f6verbrygga klyftan mellan den linj\u00e4ra modellen och den cirkul\u00e4ra produktionsmodellen och underl\u00e4tta \u00f6verg\u00e5ngen mellan den linj\u00e4ra ekonomin (take-make-dispose) och den cirkul\u00e4ra ekonomin. Repl4stic \u00e4r aktivt involverad i insamling och \u00e5tervinning av plastlock, design, produktion och marknadsf\u00f6ring av produkter d\u00e4r r\u00e5materialet \u00e4r plastlock och \u00e5teranv\u00e4ndning av dessa.<\/p>\n<p>Vi samlar in, \u00e5tervinner, designar, producerar, s\u00e4ljer och \u00e5teranv\u00e4nder.<\/p>\n<p><strong>Repl4stics<\/strong> m\u00e5l och djupare \u00f6nskan \u00e4r att f\u00f6rmedla till anv\u00e4ndaren hur han eller hon kan bli en aktiv deltagare i detta projekt och en exponent f\u00f6r ett nytt vardagsliv, genomsyrad av vanor och metoder som \u00e4r milj\u00f6v\u00e4nliga.<\/p>\n\t\t\t\t\t\t<\/div>\n\t\t\t\t<\/div>\n\t\t\t\t<div class=\"elementor-element elementor-element-37e2805 elementor-widget elementor-widget-tp-timeline\" data-id=\"37e2805\" data-element_type=\"widget\" data-widget_type=\"tp-timeline.default\">\n\t\t\t\t<div class=\"elementor-widget-container\">\n\t\t\t<div id=\"pt_plus_timeline\" class=\"pt-plus-timeline-list  layout-both   timeline-center-align timeline69ebb85da9e0f timeline-style-2 \" data-id=\"timeline69ebb85da9e0f\" data-masonry-type=\"no\"><div class=\"post-inner-loop arrow-style-1\"><div class=\"timeline-track  \"><\/div><div class=\"timeline-track timeline-track-draw  \"><\/div><div class=\"timeline--icon\"><div class=\"timeline-beginning-icon\"><i class=\" fa fa-angle-double-down\" ><\/i><\/div><\/div><div class=\"grid-item timeline-item-wrap elementor-repeater-item-8316ad7 timeline-left-content  text-pin-position-right\"  >\n\t\t\t\t\t\t<div class=\"timeline-inner-block timeline-transition\">\n\t\t\t\t\t\t\t<div class=\"timeline-item text-right \" >\n\t\t\t\t\t\t\t\t<div class=\"timeline-item-content timeline-transition text-right \"><div class=\"timeline-tl-before timeline-transition\"><\/div><h3 class=\"timeline-item-heading timeline-transition\">Principen<\/h3><div class=\"border-bottom text-right\"><hr\/><\/div><div class=\"timeline-content-image\"><\/div><div class=\"timeline-item-description timeline-transition\"><p>Ber\u00e4ttelsen b\u00f6rjar med b\u00f6rjan av Covid19-pandemin. Det var mars 2020 och tv\u00e5 (2) av de fyra (4) partnerna bodde tillsammans.<\/p>\n<p>Det var b\u00f6rjan p\u00e5 det hela...<\/p>\n<p>\"Universal lockdown\" s\u00e5 att det finns tid att t\u00e4nka... f\u00f6r f\u00f6rsta g\u00e5ngen p\u00e5 flera \u00e5r!  <\/p>\n<\/div><\/div><\/div><div class=\"point-icon style-1\"> <div class=\"timeline-tooltip-wrap\"><div class=\"timeline-point-icon\"> <div class=\"timeline-pin-icon\"><i aria-hidden=\"true\" class=\"fas fa-check\"><\/i><\/div><\/div><\/div> <div class=\"timeline-text-tooltip position-right timeline-transition\" style=\"opacity: 1;\">2020<div class=\"tooltip-arrow timeline-transition\"><\/div><\/div> <\/div> <\/div> <\/div><div class=\"grid-item timeline-item-wrap elementor-repeater-item-ca673aa timeline-right-content  text-pin-position-left\"  >\n\t\t\t\t\t\t<div class=\"timeline-inner-block timeline-transition\">\n\t\t\t\t\t\t\t<div class=\"timeline-item text-left \" >\n\t\t\t\t\t\t\t\t<div class=\"timeline-item-content timeline-transition text-left \"><div class=\"timeline-tl-before timeline-transition\"><\/div><h3 class=\"timeline-item-heading timeline-transition\">De f\u00f6rsta tankarna<\/h3><div class=\"border-bottom text-left\"><hr\/><\/div><div class=\"timeline-content-image\"><\/div><div class=\"timeline-item-description timeline-transition\"><p>Id\u00e9n kom upp och diskussioner inleddes och de andra tv\u00e5 (2) partnerna lades till. Vad kr\u00e4vs f\u00f6r att en aff\u00e4rsid\u00e9 ska kunna f\u00f6rverkligas? Aff\u00e4rsplan och det fanns tv\u00e5 v\u00e4nner som kunde \u00e4mnet v\u00e4l! Det f\u00f6rsta m\u00f6tet med alla partner \u00e4ger rum, ett m\u00f6te... och det var d\u00e4r <em>\"<strong>Fan4plastic<\/strong>\"<\/em> skapades.<\/p>\n<\/div><\/div><\/div><div class=\"point-icon style-1\"> <div class=\"timeline-tooltip-wrap\"><div class=\"timeline-point-icon\"> <div class=\"timeline-pin-icon\"><i aria-hidden=\"true\" class=\"fas fa-check-double\"><\/i><\/div><\/div><\/div> <div class=\"timeline-text-tooltip position-left timeline-transition\" style=\"opacity: 1;\">2021<div class=\"tooltip-arrow timeline-transition\"><\/div><\/div> <\/div> <\/div> <\/div><div class=\"grid-item timeline-item-wrap elementor-repeater-item-e32bd53 timeline-left-content  text-pin-position-right\"  >\n\t\t\t\t\t\t<div class=\"timeline-inner-block timeline-transition\">\n\t\t\t\t\t\t\t<div class=\"timeline-item text-right \" >\n\t\t\t\t\t\t\t\t<div class=\"timeline-item-content timeline-transition text-right \"><div class=\"timeline-tl-before timeline-transition\"><\/div><h3 class=\"timeline-item-heading timeline-transition\">Repl4stic<\/h3><div class=\"border-bottom text-right\"><hr\/><\/div><div class=\"timeline-content-image\"><\/div><div class=\"timeline-item-description timeline-transition\"><p>\"Fan4plastic\" blev ett f\u00f6retag i k\u00f6tt och blod (start p\u00e5 skattekontoret, installationer, ink\u00f6p av utrustning och allt som du hittar p\u00e5 webbplatsen) och \u00e4r nu <strong>Replastic IKE<\/strong>.<\/p>\n<\/div><\/div><\/div><div class=\"point-icon style-1\"> <div class=\"timeline-tooltip-wrap\"><div class=\"timeline-point-icon\"> <div class=\"timeline-pin-icon\"><i aria-hidden=\"true\" class=\"fas fa-globe-europe\"><\/i><\/div><\/div><\/div> <div class=\"timeline-text-tooltip position-right timeline-transition\" style=\"opacity: 1;\">2022<div class=\"tooltip-arrow timeline-transition\"><\/div><\/div> <\/div> <\/div> <\/div><div class=\"grid-item timeline-item-wrap elementor-repeater-item-897e8e7 timeline-right-content  text-pin-position-left\"  >\n\t\t\t\t\t\t<div class=\"timeline-inner-block timeline-transition\">\n\t\t\t\t\t\t\t<div class=\"timeline-item text-left \" >\n\t\t\t\t\t\t\t\t<div class=\"timeline-item-content timeline-transition text-left \"><div class=\"timeline-tl-before timeline-transition\"><\/div><h3 class=\"timeline-item-heading timeline-transition\">Dagens<\/h3><div class=\"border-bottom text-left\"><hr\/><\/div><div class=\"timeline-content-image\"><\/div><div class=\"timeline-item-description timeline-transition\"><p>Ett f\u00f6retag som har som m\u00e5l att \u00e5tervinna begagnade plastlock!<\/p>\n<p>De har hittat problemet och l\u00f6sningen. Den linj\u00e4ra produktionsmodellen orsakar problemet...<\/p>\n<p>Den cirkul\u00e4ra produktionsmodellen \u00e4r l\u00f6sningen!<\/p>\n<p>L\u00f6sningen \u00e4r cirkul\u00e4r anv\u00e4ndning\/\u00e5teranv\u00e4ndning av plastlock.<\/p>\n<p>De skapar originella produkter av \u00e5tervinning av plastlock och viktigast av allt med 0 % avfall!<\/p>\n<\/div><\/div><\/div><div class=\"point-icon style-1\"> <div class=\"timeline-tooltip-wrap\"><div class=\"timeline-point-icon\"> <div class=\"timeline-pin-icon\"><i aria-hidden=\"true\" class=\"fas fa-check-double\"><\/i><\/div><\/div><\/div> <div class=\"timeline-text-tooltip position-left timeline-transition\" style=\"opacity: 1;\">Idag<div class=\"tooltip-arrow timeline-transition\"><\/div><\/div> <\/div> <\/div> <\/div><div class=\"timeline--icon\"><div class=\"timeline-end-icon\"><i class=\" fa fa-stop-circle\" ><\/i><\/div><\/div><\/div><\/div>\t\t<\/div>\n\t\t\t\t<\/div>\n\t\t\t\t<div class=\"elementor-element elementor-element-38c39a4 elementor-widget elementor-widget-spacer\" data-id=\"38c39a4\" data-element_type=\"widget\" data-widget_type=\"spacer.default\">\n\t\t\t\t<div class=\"elementor-widget-container\">\n\t\t\t\t\t<div class=\"elementor-spacer\">\n\t\t\t<div class=\"elementor-spacer-inner\"><\/div>\n\t\t<\/div>\n\t\t\t\t<\/div>\n\t\t\t\t<\/div>\n\t\t\t\t<div class=\"elementor-element elementor-element-7d5e54e elementor-widget elementor-widget-text-editor\" data-id=\"7d5e54e\" data-element_type=\"widget\" data-widget_type=\"text-editor.default\">\n\t\t\t\t<div class=\"elementor-widget-container\">\n\t\t\t\t\t\t\t<p><strong>Vad vi g\u00f6r<\/strong><\/p>\n<p>V\u00e5rt m\u00e5l \u00e4r att uppmuntra m\u00e4nniskor att t\u00e4nka p\u00e5 att en del av v\u00e5rt avfall kan f\u00e5 ett andra liv. Allas v\u00e5rt avfall, s\u00e4rskilt plastlock (lock p\u00e5 vattenflaskor, l\u00e4skedrycker, reng\u00f6ringsmedel osv.), kan vara en utm\u00e4rkt r\u00e5vara f\u00f6r att skapa originella produkter.<\/p>\n\t\t\t\t\t\t<\/div>\n\t\t\t\t<\/div>\n\t\t\t\t<div class=\"elementor-element elementor-element-ce8e828 elementor-hidden-mobile elementor-widget elementor-widget-tp-process-steps\" data-id=\"ce8e828\" data-element_type=\"widget\" data-widget_type=\"tp-process-steps.default\">\n\t\t\t\t<div class=\"elementor-widget-container\">\n\t\t\t<div id=\"proste69ebb85dad990\" class=\"tp-process-steps-widget style_2  mobile \"  data-connection=\"\" data-eventtype=\"\"><div class=\"tp-process-steps-wrapper elementor-repeater-item-d525cfa elementor-ps-content-0 \" data-index=\"0\"><div class=\"tp-ps-left-imt \"><span class=\"tp-ps-icon-img \"><i aria-hidden=\"true\" class=\"fas fa-exclamation\"><\/i><\/span><\/div><div class=\"tp-ps-right-content\"><span class=\"tp-ps-content\"><h6 class=\"tp-pro-step-title\">Problem<\/h6> <div class=\"tp-pro-step-desc\"> <p><strong>Linj\u00e4r produktionsmodell...<\/strong><\/p>\n <\/div><\/span><\/div><\/div><div class=\"tp-process-steps-wrapper elementor-repeater-item-ee2dc16 elementor-ps-content-1 \" data-index=\"1\"><div class=\"tp-ps-left-imt \"><span class=\"tp-ps-icon-img \"><i aria-hidden=\"true\" class=\"fas fa-check\"><\/i><\/span><\/div><div class=\"tp-ps-right-content\"><span class=\"tp-ps-content\"><h6 class=\"tp-pro-step-title\">L\u00f6sning<\/h6> <div class=\"tp-pro-step-desc\"> <p><strong>Cirkul\u00e4r modell!<\/strong><\/p>\n <\/div><\/span><\/div><\/div><\/div>\t\t<\/div>\n\t\t\t\t<\/div>\n\t\t\t\t<div class=\"elementor-element elementor-element-5ff61eb elementor-widget elementor-widget-spacer\" data-id=\"5ff61eb\" data-element_type=\"widget\" data-widget_type=\"spacer.default\">\n\t\t\t\t<div class=\"elementor-widget-container\">\n\t\t\t\t\t<div class=\"elementor-spacer\">\n\t\t\t<div class=\"elementor-spacer-inner\"><\/div>\n\t\t<\/div>\n\t\t\t\t<\/div>\n\t\t\t\t<\/div>\n\t\t\t\t<div class=\"elementor-element elementor-element-2241bd3 elementor-headline--style-rotate elementor-widget elementor-widget-animated-headline\" data-id=\"2241bd3\" data-element_type=\"widget\" data-settings=\"{&quot;headline_style&quot;:&quot;rotate&quot;,&quot;rotating_text&quot;:&quot;\\u00c5teranv\\u00e4ndning av\\ncirkularitet\\n\\u00c5teranv\\u00e4ndning av\\ncirkularitet\\n&quot;,&quot;animation_type&quot;:&quot;typing&quot;,&quot;loop&quot;:&quot;yes&quot;,&quot;rotate_iteration_delay&quot;:2500}\" data-widget_type=\"animated-headline.default\">\n\t\t\t\t<div class=\"elementor-widget-container\">\n\t\t\t\t\t<div class=\"elementor-headline elementor-headline-animation-type-typing elementor-headline-letters\">\n\t\t\t\t\t<span class=\"elementor-headline-plain-text elementor-headline-text-wrapper\">L\u00f6sningen \u00e4r f\u00f6ljande<br><\/span>\n\t\t\t\t<span class=\"elementor-headline-dynamic-wrapper elementor-headline-text-wrapper\">\n\t\t\t\t\t<span class=\"elementor-headline-dynamic-text elementor-headline-text-active\">\n\t\t\t\t\u00c5teranv\u00e4ndning&nbsp;av\t\t\t<\/span>\n\t\t\t\t\t<span class=\"elementor-headline-dynamic-text\">\n\t\t\t\tcirkularitet\t\t\t<\/span>\n\t\t\t\t\t<span class=\"elementor-headline-dynamic-text\">\n\t\t\t\t\u00c5teranv\u00e4ndning&nbsp;av\t\t\t<\/span>\n\t\t\t\t\t<span class=\"elementor-headline-dynamic-text\">\n\t\t\t\tcirkularitet\t\t\t<\/span>\n\t\t\t\t\t<span class=\"elementor-headline-dynamic-text\">\n\t\t\t\t\t\t\t<\/span>\n\t\t\t\t\t\t<\/span>\n\t\t\t\t\t<span class=\"elementor-headline-plain-text elementor-headline-text-wrapper\"><br>av plastlock!<\/span>\n\t\t\t\t\t<\/div>\n\t\t\t\t<\/div>\n\t\t\t\t<\/div>\n\t\t\t\t<div class=\"elementor-element elementor-element-6e36cfe elementor-widget elementor-widget-spacer\" data-id=\"6e36cfe\" data-element_type=\"widget\" data-widget_type=\"spacer.default\">\n\t\t\t\t<div class=\"elementor-widget-container\">\n\t\t\t\t\t<div class=\"elementor-spacer\">\n\t\t\t<div class=\"elementor-spacer-inner\"><\/div>\n\t\t<\/div>\n\t\t\t\t<\/div>\n\t\t\t\t<\/div>\n\t\t\t\t\t<\/div>\n\t\t<\/div>\n\t\t\t\t\t<\/div>\n\t\t<\/section>\n\t\t\t\t<section class=\"elementor-section elementor-top-section elementor-element elementor-element-8b98103 elementor-section-boxed elementor-section-height-default elementor-section-height-default\" data-id=\"8b98103\" data-element_type=\"section\">\n\t\t\t\t\t\t<div class=\"elementor-container elementor-column-gap-default\">\n\t\t\t\t\t<div class=\"elementor-column elementor-col-100 elementor-top-column elementor-element elementor-element-e745e2f\" data-id=\"e745e2f\" data-element_type=\"column\">\n\t\t\t<div class=\"elementor-widget-wrap elementor-element-populated\">\n\t\t\t\t\t\t<div class=\"elementor-element elementor-element-d2b9377 elementor-widget elementor-widget-image\" data-id=\"d2b9377\" data-element_type=\"widget\" data-widget_type=\"image.default\">\n\t\t\t\t<div class=\"elementor-widget-container\">\n\t\t\t\t\t\t\t\t\t\t\t\t\t<img decoding=\"async\" width=\"800\" height=\"800\" src=\"https:\/\/repl4stic.gr\/wp-content\/uploads\/2022\/09\/repl4stic-team.png\" class=\"attachment-large size-large wp-image-3386\" alt=\"\" srcset=\"https:\/\/repl4stic.gr\/wp-content\/uploads\/2022\/09\/repl4stic-team.png 800w, https:\/\/repl4stic.gr\/wp-content\/uploads\/2022\/09\/repl4stic-team-300x300.png 300w, https:\/\/repl4stic.gr\/wp-content\/uploads\/2022\/09\/repl4stic-team-150x150.png 150w, https:\/\/repl4stic.gr\/wp-content\/uploads\/2022\/09\/repl4stic-team-768x768.png 768w, https:\/\/repl4stic.gr\/wp-content\/uploads\/2022\/09\/repl4stic-team-700x700.png 700w, https:\/\/repl4stic.gr\/wp-content\/uploads\/2022\/09\/repl4stic-team-600x600.png 600w, https:\/\/repl4stic.gr\/wp-content\/uploads\/2022\/09\/repl4stic-team-100x100.png 100w\" sizes=\"(max-width: 800px) 100vw, 800px\" loading=\"eager\" \/>\t\t\t\t\t\t\t\t\t\t\t\t\t<\/div>\n\t\t\t\t<\/div>\n\t\t\t\t<div class=\"elementor-element elementor-element-bf02658 elementor-align-center elementor-absolute elementor-widget__width-initial elementor-widget elementor-widget-button\" data-id=\"bf02658\" data-element_type=\"widget\" data-settings=\"{&quot;_position&quot;:&quot;absolute&quot;}\" data-widget_type=\"button.default\">\n\t\t\t\t<div class=\"elementor-widget-container\">\n\t\t\t\t\t<div class=\"elementor-button-wrapper\">\n\t\t\t<a class=\"elementor-button elementor-button-link elementor-size-sm\" href=\"#elementor-action%3Aaction%3Dpopup%3Aopen%26settings%3DeyJpZCI6IjE0MTkiLCJ0b2dnbGUiOmZhbHNlfQ%3D%3D\">\n\t\t\t\t\t\t<span class=\"elementor-button-content-wrapper\">\n\t\t\t\t\t\t\t\t\t<span class=\"elementor-button-text\">Belisarius<\/span>\n\t\t\t\t\t<\/span>\n\t\t\t\t\t<\/a>\n\t\t<\/div>\n\t\t\t\t<\/div>\n\t\t\t\t<\/div>\n\t\t\t\t<div class=\"elementor-element elementor-element-895496d elementor-align-center elementor-absolute elementor-widget__width-initial elementor-widget elementor-widget-button\" data-id=\"895496d\" data-element_type=\"widget\" data-settings=\"{&quot;_position&quot;:&quot;absolute&quot;}\" data-widget_type=\"button.default\">\n\t\t\t\t<div class=\"elementor-widget-container\">\n\t\t\t\t\t<div class=\"elementor-button-wrapper\">\n\t\t\t<a class=\"elementor-button elementor-button-link elementor-size-sm\" href=\"#elementor-action%3Aaction%3Dpopup%3Aopen%26settings%3DeyJpZCI6IjE0NTMiLCJ0b2dnbGUiOmZhbHNlfQ%3D%3D\">\n\t\t\t\t\t\t<span class=\"elementor-button-content-wrapper\">\n\t\t\t\t\t\t\t\t\t<span class=\"elementor-button-text\">John<\/span>\n\t\t\t\t\t<\/span>\n\t\t\t\t\t<\/a>\n\t\t<\/div>\n\t\t\t\t<\/div>\n\t\t\t\t<\/div>\n\t\t\t\t\t<\/div>\n\t\t<\/div>\n\t\t\t\t\t<\/div>\n\t\t<\/section>\n\t\t\t\t<\/div>\n\t\t","protected":false},"excerpt":{"rendered":"<p>Vilka vi \u00e4r&#8230; Replastic-teamet tillhandah\u00e5ller produkter 100 % \u00e5tervunnen med 0 % avfall Repl4stic \u00e4r en kreativ satsning av en grupp m\u00e4nniskor med m\u00e5nga olika yrkesm\u00e4ssiga bakgrunder som har g\u00e5tt samman f\u00f6r att delta i det globala arbetet med att utveckla aktiviteter som fr\u00e4mjar h\u00e5llbar utveckling och bidrar till ett st\u00f6rre ekologiskt fotavtryck f\u00f6r milj\u00f6n, [&hellip;]<\/p>\n","protected":false},"author":3,"featured_media":0,"parent":0,"menu_order":0,"comment_status":"closed","ping_status":"closed","template":"","meta":{"site-sidebar-layout":"default","site-content-layout":"","ast-site-content-layout":"","site-content-style":"default","site-sidebar-style":"default","ast-global-header-display":"","ast-banner-title-visibility":"","ast-main-header-display":"","ast-hfb-above-header-display":"","ast-hfb-below-header-display":"","ast-hfb-mobile-header-display":"","site-post-title":"","ast-breadcrumbs-content":"","ast-featured-img":"","footer-sml-layout":"","theme-transparent-header-meta":"","adv-header-id-meta":"","stick-header-meta":"","header-above-stick-meta":"","header-main-stick-meta":"","header-below-stick-meta":"","astra-migrate-meta-layouts":"default","ast-page-background-enabled":"default","ast-page-background-meta":{"desktop":{"background-color":"var(--ast-global-color-4)","background-image":"","background-repeat":"repeat","background-position":"center center","background-size":"auto","background-attachment":"scroll","background-type":"","background-media":"","overlay-type":"","overlay-color":"","overlay-opacity":"","overlay-gradient":""},"tablet":{"background-color":"","background-image":"","background-repeat":"repeat","background-position":"center center","background-size":"auto","background-attachment":"scroll","background-type":"","background-media":"","overlay-type":"","overlay-color":"","overlay-opacity":"","overlay-gradient":""},"mobile":{"background-color":"","background-image":"","background-repeat":"repeat","background-position":"center center","background-size":"auto","background-attachment":"scroll","background-type":"","background-media":"","overlay-type":"","overlay-color":"","overlay-opacity":"","overlay-gradient":""}},"ast-content-background-meta":{"desktop":{"background-color":"var(--ast-global-color-5)","background-image":"","background-repeat":"repeat","background-position":"center center","background-size":"auto","background-attachment":"scroll","background-type":"","background-media":"","overlay-type":"","overlay-color":"","overlay-opacity":"","overlay-gradient":""},"tablet":{"background-color":"var(--ast-global-color-5)","background-image":"","background-repeat":"repeat","background-position":"center center","background-size":"auto","background-attachment":"scroll","background-type":"","background-media":"","overlay-type":"","overlay-color":"","overlay-opacity":"","overlay-gradient":""},"mobile":{"background-color":"var(--ast-global-color-5)","background-image":"","background-repeat":"repeat","background-position":"center center","background-size":"auto","background-attachment":"scroll","background-type":"","background-media":"","overlay-type":"","overlay-color":"","overlay-opacity":"","overlay-gradient":""}},"footnotes":""},"class_list":["post-3615","page","type-page","status-publish","hentry"],"_links":{"self":[{"href":"https:\/\/repl4stic.gr\/sv\/wp-json\/wp\/v2\/pages\/3615","targetHints":{"allow":["GET"]}}],"collection":[{"href":"https:\/\/repl4stic.gr\/sv\/wp-json\/wp\/v2\/pages"}],"about":[{"href":"https:\/\/repl4stic.gr\/sv\/wp-json\/wp\/v2\/types\/page"}],"author":[{"embeddable":true,"href":"https:\/\/repl4stic.gr\/sv\/wp-json\/wp\/v2\/users\/3"}],"replies":[{"embeddable":true,"href":"https:\/\/repl4stic.gr\/sv\/wp-json\/wp\/v2\/comments?post=3615"}],"version-history":[{"count":1,"href":"https:\/\/repl4stic.gr\/sv\/wp-json\/wp\/v2\/pages\/3615\/revisions"}],"predecessor-version":[{"id":3618,"href":"https:\/\/repl4stic.gr\/sv\/wp-json\/wp\/v2\/pages\/3615\/revisions\/3618"}],"wp:attachment":[{"href":"https:\/\/repl4stic.gr\/sv\/wp-json\/wp\/v2\/media?parent=3615"}],"curies":[{"name":"wp","href":"https:\/\/api.w.org\/{rel}","templated":true}]}}