{"id":3587,"date":"2022-06-20T09:46:08","date_gmt":"2022-06-20T07:46:08","guid":{"rendered":"https:\/\/repl4stic.gr\/skicka-bestallningar\/"},"modified":"2023-03-11T18:48:47","modified_gmt":"2023-03-11T16:48:47","slug":"skicka-bestallningar","status":"publish","type":"page","link":"https:\/\/repl4stic.gr\/sv\/skicka-bestallningar\/","title":{"rendered":"Skicka best\u00e4llningar"},"content":{"rendered":"\t\t<div data-elementor-type=\"wp-page\" data-elementor-id=\"3587\" class=\"elementor elementor-3587\" data-elementor-post-type=\"page\">\n\t\t\t\t\t\t<section class=\"elementor-section elementor-top-section elementor-element elementor-element-464cd849 elementor-section-boxed elementor-section-height-default elementor-section-height-default\" data-id=\"464cd849\" data-element_type=\"section\">\n\t\t\t\t\t\t<div class=\"elementor-container elementor-column-gap-default\">\n\t\t\t\t\t<div class=\"elementor-column elementor-col-100 elementor-top-column elementor-element elementor-element-12822d2f\" data-id=\"12822d2f\" data-element_type=\"column\">\n\t\t\t<div class=\"elementor-widget-wrap elementor-element-populated\">\n\t\t\t\t\t\t<div class=\"elementor-element elementor-element-422a8a3 elementor-widget elementor-widget-spacer\" data-id=\"422a8a3\" data-element_type=\"widget\" data-widget_type=\"spacer.default\">\n\t\t\t\t<div class=\"elementor-widget-container\">\n\t\t\t\t\t<div class=\"elementor-spacer\">\n\t\t\t<div class=\"elementor-spacer-inner\"><\/div>\n\t\t<\/div>\n\t\t\t\t<\/div>\n\t\t\t\t<\/div>\n\t\t\t\t<div class=\"elementor-element elementor-element-526a2e7 elementor-widget elementor-widget-heading\" data-id=\"526a2e7\" data-element_type=\"widget\" data-widget_type=\"heading.default\">\n\t\t\t\t<div class=\"elementor-widget-container\">\n\t\t\t<h2 class=\"elementor-heading-title elementor-size-default\">Skicka best\u00e4llningar<\/h2>\t\t<\/div>\n\t\t\t\t<\/div>\n\t\t\t\t<div class=\"elementor-element elementor-element-1e83ac9 elementor-widget elementor-widget-spacer\" data-id=\"1e83ac9\" data-element_type=\"widget\" data-widget_type=\"spacer.default\">\n\t\t\t\t<div class=\"elementor-widget-container\">\n\t\t\t\t\t<div class=\"elementor-spacer\">\n\t\t\t<div class=\"elementor-spacer-inner\"><\/div>\n\t\t<\/div>\n\t\t\t\t<\/div>\n\t\t\t\t<\/div>\n\t\t\t\t<div class=\"elementor-element elementor-element-213ebfbb elementor-widget elementor-widget-text-editor\" data-id=\"213ebfbb\" data-element_type=\"widget\" data-widget_type=\"text-editor.default\">\n\t\t\t\t<div class=\"elementor-widget-container\">\n\t\t\t\t\t\t\tDin best\u00e4llning skickas via Greek Post (www.elta.gr) inom 5 arbetsdagar fr\u00e5n det att betalningen har bekr\u00e4ftats. Vi skickar paket med Priority Registered Air mail. N\u00e4r din best\u00e4llning har skickats skickar vi ett meddelande med paketets sp\u00e5rningsnummer till den e-postadress som du angav vid utcheckningen.\n\n<strong>Tidpunkt f\u00f6r avs\u00e4ndning<\/strong>\n<ul>\n \t<li>Leveranstiden varierar beroende p\u00e5 destinationslandet.<\/li>\n \t<li>Leveranstiden \u00e4r cirka 3 arbetsdagar i Grekland, 8-10 arbetsdagar f\u00f6r EU-inv\u00e5nare och 10-15 arbetsdagar f\u00f6r kunder utanf\u00f6r EU.<\/li>\n \t<li>Kontakta oss om du beh\u00f6ver en p\u00e5skyndad leverans.<\/li>\n<\/ul>\n&nbsp;\n\n<strong>Leveransadress<\/strong>\n\nVi skickar till den adress som du anger n\u00e4r du checkar ut, om du inte anger n\u00e5got annat. Kontrollera att din adress \u00e4r korrekt innan du k\u00f6per, eftersom vi inte kan h\u00e5llas ansvariga f\u00f6r produkter som skickas till fel adress.\n\n<strong>Internationella kunder och tullavgifter<\/strong>\n\nVissa l\u00e4nder kan ta ut tullavgifter. Vi kan inte garantera denna information. Observera att det \u00e4r k\u00f6parens ansvar och vi rekommenderar att du kontrollerar det innan du g\u00f6r din best\u00e4llning s\u00e5 att du inte blir \u00f6verraskad.\n\n<strong>Fraktpriser<\/strong>\n\nFraktkostnaderna ber\u00e4knas i kassan.\t\t\t\t\t\t<\/div>\n\t\t\t\t<\/div>\n\t\t\t\t<div class=\"elementor-element elementor-element-21568c6 elementor-widget elementor-widget-spacer\" data-id=\"21568c6\" data-element_type=\"widget\" data-widget_type=\"spacer.default\">\n\t\t\t\t<div class=\"elementor-widget-container\">\n\t\t\t\t\t<div class=\"elementor-spacer\">\n\t\t\t<div class=\"elementor-spacer-inner\"><\/div>\n\t\t<\/div>\n\t\t\t\t<\/div>\n\t\t\t\t<\/div>\n\t\t\t\t\t<\/div>\n\t\t<\/div>\n\t\t\t\t\t<\/div>\n\t\t<\/section>\n\t\t\t\t<\/div>\n\t\t","protected":false},"excerpt":{"rendered":"<p>Skicka best\u00e4llningar Din best\u00e4llning skickas via Greek Post (www.elta.gr) inom 5 arbetsdagar fr\u00e5n det att betalningen har bekr\u00e4ftats. Vi skickar paket med Priority Registered Air mail. N\u00e4r din best\u00e4llning har skickats skickar vi ett meddelande med paketets sp\u00e5rningsnummer till den e-postadress som du angav vid utcheckningen. Tidpunkt f\u00f6r avs\u00e4ndning Leveranstiden varierar beroende p\u00e5 destinationslandet. Leveranstiden [&hellip;]<\/p>\n","protected":false},"author":3,"featured_media":0,"parent":0,"menu_order":0,"comment_status":"closed","ping_status":"closed","template":"","meta":{"site-sidebar-layout":"default","site-content-layout":"default","ast-site-content-layout":"","site-content-style":"default","site-sidebar-style":"default","ast-global-header-display":"","ast-banner-title-visibility":"","ast-main-header-display":"","ast-hfb-above-header-display":"","ast-hfb-below-header-display":"","ast-hfb-mobile-header-display":"","site-post-title":"","ast-breadcrumbs-content":"","ast-featured-img":"","footer-sml-layout":"","theme-transparent-header-meta":"default","adv-header-id-meta":"","stick-header-meta":"","header-above-stick-meta":"","header-main-stick-meta":"","header-below-stick-meta":"","astra-migrate-meta-layouts":"default","ast-page-background-enabled":"default","ast-page-background-meta":{"desktop":{"background-color":"var(--ast-global-color-4)","background-image":"","background-repeat":"repeat","background-position":"center center","background-size":"auto","background-attachment":"scroll","background-type":"","background-media":"","overlay-type":"","overlay-color":"","overlay-opacity":"","overlay-gradient":""},"tablet":{"background-color":"","background-image":"","background-repeat":"repeat","background-position":"center center","background-size":"auto","background-attachment":"scroll","background-type":"","background-media":"","overlay-type":"","overlay-color":"","overlay-opacity":"","overlay-gradient":""},"mobile":{"background-color":"","background-image":"","background-repeat":"repeat","background-position":"center center","background-size":"auto","background-attachment":"scroll","background-type":"","background-media":"","overlay-type":"","overlay-color":"","overlay-opacity":"","overlay-gradient":""}},"ast-content-background-meta":{"desktop":{"background-color":"var(--ast-global-color-5)","background-image":"","background-repeat":"repeat","background-position":"center center","background-size":"auto","background-attachment":"scroll","background-type":"","background-media":"","overlay-type":"","overlay-color":"","overlay-opacity":"","overlay-gradient":""},"tablet":{"background-color":"var(--ast-global-color-5)","background-image":"","background-repeat":"repeat","background-position":"center center","background-size":"auto","background-attachment":"scroll","background-type":"","background-media":"","overlay-type":"","overlay-color":"","overlay-opacity":"","overlay-gradient":""},"mobile":{"background-color":"var(--ast-global-color-5)","background-image":"","background-repeat":"repeat","background-position":"center center","background-size":"auto","background-attachment":"scroll","background-type":"","background-media":"","overlay-type":"","overlay-color":"","overlay-opacity":"","overlay-gradient":""}},"footnotes":""},"class_list":["post-3587","page","type-page","status-publish","hentry"],"_links":{"self":[{"href":"https:\/\/repl4stic.gr\/sv\/wp-json\/wp\/v2\/pages\/3587","targetHints":{"allow":["GET"]}}],"collection":[{"href":"https:\/\/repl4stic.gr\/sv\/wp-json\/wp\/v2\/pages"}],"about":[{"href":"https:\/\/repl4stic.gr\/sv\/wp-json\/wp\/v2\/types\/page"}],"author":[{"embeddable":true,"href":"https:\/\/repl4stic.gr\/sv\/wp-json\/wp\/v2\/users\/3"}],"replies":[{"embeddable":true,"href":"https:\/\/repl4stic.gr\/sv\/wp-json\/wp\/v2\/comments?post=3587"}],"version-history":[{"count":1,"href":"https:\/\/repl4stic.gr\/sv\/wp-json\/wp\/v2\/pages\/3587\/revisions"}],"predecessor-version":[{"id":3588,"href":"https:\/\/repl4stic.gr\/sv\/wp-json\/wp\/v2\/pages\/3587\/revisions\/3588"}],"wp:attachment":[{"href":"https:\/\/repl4stic.gr\/sv\/wp-json\/wp\/v2\/media?parent=3587"}],"curies":[{"name":"wp","href":"https:\/\/api.w.org\/{rel}","templated":true}]}}