{"id":5114,"date":"2023-11-08T11:31:37","date_gmt":"2023-11-08T09:31:37","guid":{"rendered":"https:\/\/repl4stic.gr\/product\/40-tunnin-sininen-vanilja-soijakynttila\/"},"modified":"2023-11-08T11:31:37","modified_gmt":"2023-11-08T09:31:37","slug":"vaha-soija-sininen-vanilja-vaha-40-tunti","status":"publish","type":"product","link":"https:\/\/repl4stic.gr\/fi\/product\/vaha-soija-sininen-vanilja-vaha-40-tunti\/","title":{"rendered":"40+ tunnin sininen vanilja soijakynttil\u00e4"},"content":{"rendered":"","protected":false},"excerpt":{"rendered":"<p>Vaniljakynttil\u00e4 on 100 % k\u00e4sintehty, mutta my\u00f6s yst\u00e4v\u00e4llinen ymp\u00e4rist\u00f6yst\u00e4v\u00e4lliselle<br \/>\nYmp\u00e4rist\u00f6, valmistettu 100 % kierr\u00e4tysmuovikansista ja 100 % kierr\u00e4tysmuovista.<br \/>\nyrttinen soijavaha.<br \/>\nSoijavaha ei sis\u00e4ll\u00e4 \u00f6ljyn sivutuotteita ja on<br \/>\nvalmistettu uusiutuvista luonnonvaroista, joten se on<br \/>\ntoteuttamiskelpoinen vaihtoehto. Poltettaessa t\u00e4m\u00e4 soijavaha ei tuota CO2-p\u00e4\u00e4st\u00f6j\u00e4.<br \/>\nilmakeh\u00e4ss\u00e4, ja sill\u00e4 on kyky polttaa jopa 50 % enemm\u00e4n polttoainetta.<br \/>\nparafiinikynttil\u00e4st\u00e4, joten se on pitk\u00e4ik\u00e4inen vaihtoehto.<br \/>\nMutta siin\u00e4 ei ole viel\u00e4 kaikki. V\u00e4h\u00e4n tunnettu tosiasia soijavahasta<br \/>\non, ett\u00e4 kun se sulaa, sit\u00e4 voidaan k\u00e4ytt\u00e4\u00e4 my\u00f6s kosteusvoiteena.<br \/>\nk\u00e4sille!<\/p>\n<p>\ud83d\udd6f40+ tuntia polttoaikaa<br \/>\n\ud83d\udd6f250ml<\/p>\n<p>P\u00e4\u00e4ruoat: vanilja Madagaskar<br \/>\nK\u00e4ytt\u00f6ohjeet:<br \/>\nKun sytyt\u00e4t kynttil\u00e4n ensimm\u00e4isen kerran, anna sen palaa kokonaan, kunnes se on<br \/>\nastian reunaan (\u2248 4 tuntia). Jos sammutat sen ennen kuin se peitt\u00e4\u00e4 sulaneen &#8211;<br \/>\nvahaa astian koko pinta, kun sytyt\u00e4t sen seuraavan kerran,<br \/>\npalaa vain siihen asti, mihin edellinen sulanut vaha ulottui (kyll\u00e4 ja<br \/>\nkynttil\u00f6ill\u00e4 on viel\u00e4 muistia!).<br \/>\nEnnen kuin sytyt\u00e4t sen uudelleen, jotta se palaa paremmin, suosittelemme, ett\u00e4 leikkaat polttoaineen<br \/>\nkynttil\u00e4n syd\u00e4nlankaa millimetrin verran, muuten kynttil\u00e4n liekki ei pala kunnolla.<br \/>\nSoijavaha on herkk\u00e4 kuumuudelle. V\u00e4lt\u00e4 sen altistamista<br \/>\nsuoraan auringossa tai voimakkaan l\u00e4mm\u00f6n l\u00e4hteess\u00e4.<br \/>\nKaikki kynttil\u00e4t ovat k\u00e4sintehtyj\u00e4. Vahan m\u00e4\u00e4r\u00e4 pysyy kuitenkin<br \/>\nitse.<\/p>\n","protected":false},"featured_media":5018,"comment_status":"closed","ping_status":"closed","template":"","meta":{"site-sidebar-layout":"default","site-content-layout":"","ast-site-content-layout":"","site-content-style":"default","site-sidebar-style":"default","ast-global-header-display":"","ast-banner-title-visibility":"","ast-main-header-display":"","ast-hfb-above-header-display":"","ast-hfb-below-header-display":"","ast-hfb-mobile-header-display":"","site-post-title":"","ast-breadcrumbs-content":"","ast-featured-img":"","footer-sml-layout":"","theme-transparent-header-meta":"default","adv-header-id-meta":"","stick-header-meta":"","header-above-stick-meta":"","header-main-stick-meta":"","header-below-stick-meta":"","astra-migrate-meta-layouts":"default","ast-page-background-enabled":"default","ast-page-background-meta":{"desktop":{"background-color":"var(--ast-global-color-4)","background-image":"","background-repeat":"repeat","background-position":"center center","background-size":"auto","background-attachment":"scroll","background-type":"","background-media":"","overlay-type":"","overlay-color":"","overlay-opacity":"","overlay-gradient":""},"tablet":{"background-color":"","background-image":"","background-repeat":"repeat","background-position":"center center","background-size":"auto","background-attachment":"scroll","background-type":"","background-media":"","overlay-type":"","overlay-color":"","overlay-opacity":"","overlay-gradient":""},"mobile":{"background-color":"","background-image":"","background-repeat":"repeat","background-position":"center center","background-size":"auto","background-attachment":"scroll","background-type":"","background-media":"","overlay-type":"","overlay-color":"","overlay-opacity":"","overlay-gradient":""}},"ast-content-background-meta":{"desktop":{"background-color":"var(--ast-global-color-5)","background-image":"","background-repeat":"repeat","background-position":"center center","background-size":"auto","background-attachment":"scroll","background-type":"","background-media":"","overlay-type":"","overlay-color":"","overlay-opacity":"","overlay-gradient":""},"tablet":{"background-color":"var(--ast-global-color-5)","background-image":"","background-repeat":"repeat","background-position":"center center","background-size":"auto","background-attachment":"scroll","background-type":"","background-media":"","overlay-type":"","overlay-color":"","overlay-opacity":"","overlay-gradient":""},"mobile":{"background-color":"var(--ast-global-color-5)","background-image":"","background-repeat":"repeat","background-position":"center center","background-size":"auto","background-attachment":"scroll","background-type":"","background-media":"","overlay-type":"","overlay-color":"","overlay-opacity":"","overlay-gradient":""}}},"product_cat":[381],"product_tag":[],"class_list":{"0":"post-5114","1":"product","2":"type-product","3":"status-publish","4":"has-post-thumbnail","6":"product_cat-kynttilat","7":"desktop-align-center","8":"tablet-align-left","9":"mobile-align-left","11":"first","12":"instock","13":"taxable","14":"shipping-taxable","15":"purchasable","16":"product-type-simple"},"_links":{"self":[{"href":"https:\/\/repl4stic.gr\/fi\/wp-json\/wp\/v2\/product\/5114","targetHints":{"allow":["GET"]}}],"collection":[{"href":"https:\/\/repl4stic.gr\/fi\/wp-json\/wp\/v2\/product"}],"about":[{"href":"https:\/\/repl4stic.gr\/fi\/wp-json\/wp\/v2\/types\/product"}],"replies":[{"embeddable":true,"href":"https:\/\/repl4stic.gr\/fi\/wp-json\/wp\/v2\/comments?post=5114"}],"version-history":[{"count":0,"href":"https:\/\/repl4stic.gr\/fi\/wp-json\/wp\/v2\/product\/5114\/revisions"}],"wp:featuredmedia":[{"embeddable":true,"href":"https:\/\/repl4stic.gr\/fi\/wp-json\/wp\/v2\/media\/5018"}],"wp:attachment":[{"href":"https:\/\/repl4stic.gr\/fi\/wp-json\/wp\/v2\/media?parent=5114"}],"wp:term":[{"taxonomy":"product_cat","embeddable":true,"href":"https:\/\/repl4stic.gr\/fi\/wp-json\/wp\/v2\/product_cat?post=5114"},{"taxonomy":"product_tag","embeddable":true,"href":"https:\/\/repl4stic.gr\/fi\/wp-json\/wp\/v2\/product_tag?post=5114"}],"curies":[{"name":"wp","href":"https:\/\/api.w.org\/{rel}","templated":true}]}}