{"id":5097,"date":"2023-11-08T12:14:44","date_gmt":"2023-11-08T10:14:44","guid":{"rendered":"https:\/\/repl4stic.gr\/product\/avaimenpera-karabiinilla\/"},"modified":"2023-11-08T12:14:44","modified_gmt":"2023-11-08T10:14:44","slug":"avaimenpera-karabiini","status":"publish","type":"product","link":"https:\/\/repl4stic.gr\/fi\/product\/avaimenpera-karabiini\/","title":{"rendered":"Avaimenper\u00e4 karabiinilla"},"content":{"rendered":"","protected":false},"excerpt":{"rendered":"<p>H\u00e4n ei auta sinua valloittamaan jyrk\u00e4nteit\u00e4, mutta h\u00e4n on ammattilainen.<br \/>\np\u00e4ivitt\u00e4isten vuorten ja taskuj\u00e4rjestelyn hoitamisessa.<br \/>\nValmistettu 100 % kierr\u00e4tysmuovista, se on kuin yst\u00e4v\u00e4llinen<br \/>\nhigh-five-ymp\u00e4rist\u00f6 joka kerta, kun k\u00e4yt\u00e4t sit\u00e4. Joten joko<br \/>\nolet avaimenper\u00e4n tuntija tai etsit vain fiksumpaa tapaa k\u00e4ytt\u00e4\u00e4<br \/>\nPid\u00e4 tavarasi hallinnassa, t\u00e4m\u00e4 karabiini on ratkaisu<br \/>\n  (tai vy\u00f6, tasku tai laukku). Lykk\u00e4yst\u00e4 ei tarvita, vain<br \/>\ntunne toiminnallisesta muodista, joka suojelee planeettaa.<\/p>\n","protected":false},"featured_media":5067,"comment_status":"closed","ping_status":"closed","template":"","meta":{"site-sidebar-layout":"default","site-content-layout":"","ast-site-content-layout":"","site-content-style":"default","site-sidebar-style":"default","ast-global-header-display":"","ast-banner-title-visibility":"","ast-main-header-display":"","ast-hfb-above-header-display":"","ast-hfb-below-header-display":"","ast-hfb-mobile-header-display":"","site-post-title":"","ast-breadcrumbs-content":"","ast-featured-img":"","footer-sml-layout":"","theme-transparent-header-meta":"default","adv-header-id-meta":"","stick-header-meta":"","header-above-stick-meta":"","header-main-stick-meta":"","header-below-stick-meta":"","astra-migrate-meta-layouts":"default","ast-page-background-enabled":"default","ast-page-background-meta":{"desktop":{"background-color":"var(--ast-global-color-4)","background-image":"","background-repeat":"repeat","background-position":"center center","background-size":"auto","background-attachment":"scroll","background-type":"","background-media":"","overlay-type":"","overlay-color":"","overlay-opacity":"","overlay-gradient":""},"tablet":{"background-color":"","background-image":"","background-repeat":"repeat","background-position":"center center","background-size":"auto","background-attachment":"scroll","background-type":"","background-media":"","overlay-type":"","overlay-color":"","overlay-opacity":"","overlay-gradient":""},"mobile":{"background-color":"","background-image":"","background-repeat":"repeat","background-position":"center center","background-size":"auto","background-attachment":"scroll","background-type":"","background-media":"","overlay-type":"","overlay-color":"","overlay-opacity":"","overlay-gradient":""}},"ast-content-background-meta":{"desktop":{"background-color":"var(--ast-global-color-5)","background-image":"","background-repeat":"repeat","background-position":"center center","background-size":"auto","background-attachment":"scroll","background-type":"","background-media":"","overlay-type":"","overlay-color":"","overlay-opacity":"","overlay-gradient":""},"tablet":{"background-color":"var(--ast-global-color-5)","background-image":"","background-repeat":"repeat","background-position":"center center","background-size":"auto","background-attachment":"scroll","background-type":"","background-media":"","overlay-type":"","overlay-color":"","overlay-opacity":"","overlay-gradient":""},"mobile":{"background-color":"var(--ast-global-color-5)","background-image":"","background-repeat":"repeat","background-position":"center center","background-size":"auto","background-attachment":"scroll","background-type":"","background-media":"","overlay-type":"","overlay-color":"","overlay-opacity":"","overlay-gradient":""}}},"product_cat":[337],"product_tag":[],"class_list":{"0":"post-5097","1":"product","2":"type-product","3":"status-publish","4":"has-post-thumbnail","6":"product_cat-avaimenpera","7":"desktop-align-center","8":"tablet-align-left","9":"mobile-align-left","11":"first","12":"instock","13":"taxable","14":"shipping-taxable","15":"purchasable","16":"product-type-variable"},"_links":{"self":[{"href":"https:\/\/repl4stic.gr\/fi\/wp-json\/wp\/v2\/product\/5097","targetHints":{"allow":["GET"]}}],"collection":[{"href":"https:\/\/repl4stic.gr\/fi\/wp-json\/wp\/v2\/product"}],"about":[{"href":"https:\/\/repl4stic.gr\/fi\/wp-json\/wp\/v2\/types\/product"}],"replies":[{"embeddable":true,"href":"https:\/\/repl4stic.gr\/fi\/wp-json\/wp\/v2\/comments?post=5097"}],"version-history":[{"count":0,"href":"https:\/\/repl4stic.gr\/fi\/wp-json\/wp\/v2\/product\/5097\/revisions"}],"wp:featuredmedia":[{"embeddable":true,"href":"https:\/\/repl4stic.gr\/fi\/wp-json\/wp\/v2\/media\/5067"}],"wp:attachment":[{"href":"https:\/\/repl4stic.gr\/fi\/wp-json\/wp\/v2\/media?parent=5097"}],"wp:term":[{"taxonomy":"product_cat","embeddable":true,"href":"https:\/\/repl4stic.gr\/fi\/wp-json\/wp\/v2\/product_cat?post=5097"},{"taxonomy":"product_tag","embeddable":true,"href":"https:\/\/repl4stic.gr\/fi\/wp-json\/wp\/v2\/product_tag?post=5097"}],"curies":[{"name":"wp","href":"https:\/\/api.w.org\/{rel}","templated":true}]}}