{"id":4388,"date":"2023-01-31T13:13:16","date_gmt":"2023-01-31T11:13:16","guid":{"rendered":"https:\/\/repl4stic.gr\/product\/40-tuntia-soijavaha\/"},"modified":"2023-10-20T14:33:00","modified_gmt":"2023-10-20T12:33:00","slug":"keri-sogias-diarkias-40-oron","status":"publish","type":"product","link":"https:\/\/repl4stic.gr\/fi\/product\/keri-sogias-diarkias-40-oron\/","title":{"rendered":"40 tuntia soijavaha"},"content":{"rendered":"","protected":false},"excerpt":{"rendered":"<p>Kynttil\u00e4 on valmistettu 100 % soija\u00f6ljyst\u00e4, jossa on tuoksuainetta.<br \/>\nLaatikko on valmistettu 100-prosenttisesti kierr\u00e4tysmuovista, jota voidaan k\u00e4yt\u00f6n j\u00e4lkeen k\u00e4ytt\u00e4\u00e4 kasvien sijoittamiseen.<br \/>\nHajuvesi: Baby Powder<br \/>\nYmp\u00e4rist\u00f6vaikutukset: 45 muovikorkkia v\u00e4hemm\u00e4n Kreikan meriss\u00e4<br \/>\n120 g. Hiilidioksidia ei vapautunut ilmakeh\u00e4\u00e4n<\/p>\n","protected":false},"featured_media":4252,"comment_status":"closed","ping_status":"closed","template":"","meta":{"site-sidebar-layout":"default","site-content-layout":"default","ast-site-content-layout":"","site-content-style":"default","site-sidebar-style":"default","ast-global-header-display":"","ast-banner-title-visibility":"","ast-main-header-display":"","ast-hfb-above-header-display":"","ast-hfb-below-header-display":"","ast-hfb-mobile-header-display":"","site-post-title":"","ast-breadcrumbs-content":"","ast-featured-img":"","footer-sml-layout":"","theme-transparent-header-meta":"default","adv-header-id-meta":"","stick-header-meta":"","header-above-stick-meta":"","header-main-stick-meta":"","header-below-stick-meta":"","astra-migrate-meta-layouts":"default","ast-page-background-enabled":"default","ast-page-background-meta":{"desktop":{"background-color":"var(--ast-global-color-4)","background-image":"","background-repeat":"repeat","background-position":"center center","background-size":"auto","background-attachment":"scroll","background-type":"","background-media":"","overlay-type":"","overlay-color":"","overlay-opacity":"","overlay-gradient":""},"tablet":{"background-color":"","background-image":"","background-repeat":"repeat","background-position":"center center","background-size":"auto","background-attachment":"scroll","background-type":"","background-media":"","overlay-type":"","overlay-color":"","overlay-opacity":"","overlay-gradient":""},"mobile":{"background-color":"","background-image":"","background-repeat":"repeat","background-position":"center center","background-size":"auto","background-attachment":"scroll","background-type":"","background-media":"","overlay-type":"","overlay-color":"","overlay-opacity":"","overlay-gradient":""}},"ast-content-background-meta":{"desktop":{"background-color":"var(--ast-global-color-5)","background-image":"","background-repeat":"repeat","background-position":"center center","background-size":"auto","background-attachment":"scroll","background-type":"","background-media":"","overlay-type":"","overlay-color":"","overlay-opacity":"","overlay-gradient":""},"tablet":{"background-color":"var(--ast-global-color-5)","background-image":"","background-repeat":"repeat","background-position":"center center","background-size":"auto","background-attachment":"scroll","background-type":"","background-media":"","overlay-type":"","overlay-color":"","overlay-opacity":"","overlay-gradient":""},"mobile":{"background-color":"var(--ast-global-color-5)","background-image":"","background-repeat":"repeat","background-position":"center center","background-size":"auto","background-attachment":"scroll","background-type":"","background-media":"","overlay-type":"","overlay-color":"","overlay-opacity":"","overlay-gradient":""}}},"product_cat":[381],"product_tag":[],"class_list":{"0":"post-4388","1":"product","2":"type-product","3":"status-publish","4":"has-post-thumbnail","6":"product_cat-kynttilat","7":"desktop-align-center","8":"tablet-align-left","9":"mobile-align-left","11":"first","12":"instock","13":"taxable","14":"shipping-taxable","15":"purchasable","16":"product-type-variable"},"_links":{"self":[{"href":"https:\/\/repl4stic.gr\/fi\/wp-json\/wp\/v2\/product\/4388","targetHints":{"allow":["GET"]}}],"collection":[{"href":"https:\/\/repl4stic.gr\/fi\/wp-json\/wp\/v2\/product"}],"about":[{"href":"https:\/\/repl4stic.gr\/fi\/wp-json\/wp\/v2\/types\/product"}],"replies":[{"embeddable":true,"href":"https:\/\/repl4stic.gr\/fi\/wp-json\/wp\/v2\/comments?post=4388"}],"version-history":[{"count":1,"href":"https:\/\/repl4stic.gr\/fi\/wp-json\/wp\/v2\/product\/4388\/revisions"}],"predecessor-version":[{"id":4924,"href":"https:\/\/repl4stic.gr\/fi\/wp-json\/wp\/v2\/product\/4388\/revisions\/4924"}],"wp:featuredmedia":[{"embeddable":true,"href":"https:\/\/repl4stic.gr\/fi\/wp-json\/wp\/v2\/media\/4252"}],"wp:attachment":[{"href":"https:\/\/repl4stic.gr\/fi\/wp-json\/wp\/v2\/media?parent=4388"}],"wp:term":[{"taxonomy":"product_cat","embeddable":true,"href":"https:\/\/repl4stic.gr\/fi\/wp-json\/wp\/v2\/product_cat?post=4388"},{"taxonomy":"product_tag","embeddable":true,"href":"https:\/\/repl4stic.gr\/fi\/wp-json\/wp\/v2\/product_tag?post=4388"}],"curies":[{"name":"wp","href":"https:\/\/api.w.org\/{rel}","templated":true}]}}