{"id":4409,"date":"2022-06-20T09:46:08","date_gmt":"2022-06-20T07:46:08","guid":{"rendered":"https:\/\/repl4stic.gr\/tilausten-lahettaminen\/"},"modified":"2023-03-11T19:00:18","modified_gmt":"2023-03-11T17:00:18","slug":"tilausten-lahettaminen","status":"publish","type":"page","link":"https:\/\/repl4stic.gr\/fi\/tilausten-lahettaminen\/","title":{"rendered":"Tilausten l\u00e4hett\u00e4minen"},"content":{"rendered":"\t\t<div data-elementor-type=\"wp-page\" data-elementor-id=\"4409\" class=\"elementor elementor-4409\" data-elementor-post-type=\"page\">\n\t\t\t\t\t\t<section class=\"elementor-section elementor-top-section elementor-element elementor-element-464cd849 elementor-section-boxed elementor-section-height-default elementor-section-height-default\" data-id=\"464cd849\" data-element_type=\"section\">\n\t\t\t\t\t\t<div class=\"elementor-container elementor-column-gap-default\">\n\t\t\t\t\t<div class=\"elementor-column elementor-col-100 elementor-top-column elementor-element elementor-element-12822d2f\" data-id=\"12822d2f\" data-element_type=\"column\">\n\t\t\t<div class=\"elementor-widget-wrap elementor-element-populated\">\n\t\t\t\t\t\t<div class=\"elementor-element elementor-element-422a8a3 elementor-widget elementor-widget-spacer\" data-id=\"422a8a3\" data-element_type=\"widget\" data-widget_type=\"spacer.default\">\n\t\t\t\t<div class=\"elementor-widget-container\">\n\t\t\t\t\t<div class=\"elementor-spacer\">\n\t\t\t<div class=\"elementor-spacer-inner\"><\/div>\n\t\t<\/div>\n\t\t\t\t<\/div>\n\t\t\t\t<\/div>\n\t\t\t\t<div class=\"elementor-element elementor-element-526a2e7 elementor-widget elementor-widget-heading\" data-id=\"526a2e7\" data-element_type=\"widget\" data-widget_type=\"heading.default\">\n\t\t\t\t<div class=\"elementor-widget-container\">\n\t\t\t<h2 class=\"elementor-heading-title elementor-size-default\">Tilausten l\u00e4hett\u00e4minen<\/h2>\t\t<\/div>\n\t\t\t\t<\/div>\n\t\t\t\t<div class=\"elementor-element elementor-element-1e83ac9 elementor-widget elementor-widget-spacer\" data-id=\"1e83ac9\" data-element_type=\"widget\" data-widget_type=\"spacer.default\">\n\t\t\t\t<div class=\"elementor-widget-container\">\n\t\t\t\t\t<div class=\"elementor-spacer\">\n\t\t\t<div class=\"elementor-spacer-inner\"><\/div>\n\t\t<\/div>\n\t\t\t\t<\/div>\n\t\t\t\t<\/div>\n\t\t\t\t<div class=\"elementor-element elementor-element-213ebfbb elementor-widget elementor-widget-text-editor\" data-id=\"213ebfbb\" data-element_type=\"widget\" data-widget_type=\"text-editor.default\">\n\t\t\t\t<div class=\"elementor-widget-container\">\n\t\t\t\t\t\t\tTilauksesi l\u00e4hetet\u00e4\u00e4n Kreikan postin kautta (www.elta.gr) 5 ty\u00f6p\u00e4iv\u00e4n kuluessa maksun vahvistamisesta. L\u00e4het\u00e4mme paketit Priority Registered Air -l\u00e4hetyksen\u00e4. Kun tilauksesi on l\u00e4hetetty, l\u00e4het\u00e4mme ilmoituksen paketin seurantanumeron kanssa kassalla annettuun s\u00e4hk\u00f6postiosoitteeseen.\n\n<strong>L\u00e4hetysaika<\/strong>\n<ul>\n \t<li>Toimitusaika vaihtelee kohdemaasta riippuen.<\/li>\n \t<li>Toimitusaika on noin 3 ty\u00f6p\u00e4iv\u00e4\u00e4 Kreikassa, 8-10 ty\u00f6p\u00e4iv\u00e4\u00e4 EU:n alueella asuville ja 10-15 ty\u00f6p\u00e4iv\u00e4\u00e4 EU:n ulkopuolisille asiakkaille.<\/li>\n \t<li>Jos tarvitset nopeutettua toimitusta, ota meihin yhteytt\u00e4.<\/li>\n<\/ul>\n&nbsp;\n\n<strong>Toimitusosoite<\/strong>\n\nToimitamme tilauksen siihen osoitteeseen, jonka annat kassalla, ellet muuta m\u00e4\u00e4rit\u00e4. Varmista, ett\u00e4 osoitteesi on oikea ennen ostamista, sill\u00e4 emme voi olla vastuussa v\u00e4\u00e4r\u00e4\u00e4n osoitteeseen l\u00e4hetetyist\u00e4 tuotteista.\n\n<strong>Kansainv\u00e4liset asiakkaat ja tullimaksut<\/strong>\n\nJotkin maat saattavat peri\u00e4 tullimaksuja. Emme voi taata n\u00e4it\u00e4 tietoja. Huomaa, ett\u00e4 se on ostajan vastuulla, ja suosittelemme, ett\u00e4 tarkistat sen ennen tilauksen tekemist\u00e4, jotta ei tule yll\u00e4tyksi\u00e4.\n\n<strong>Toimitushinnat<\/strong>\n\nToimituskulut lasketaan kassalla.\t\t\t\t\t\t<\/div>\n\t\t\t\t<\/div>\n\t\t\t\t<div class=\"elementor-element elementor-element-21568c6 elementor-widget elementor-widget-spacer\" data-id=\"21568c6\" data-element_type=\"widget\" data-widget_type=\"spacer.default\">\n\t\t\t\t<div class=\"elementor-widget-container\">\n\t\t\t\t\t<div class=\"elementor-spacer\">\n\t\t\t<div class=\"elementor-spacer-inner\"><\/div>\n\t\t<\/div>\n\t\t\t\t<\/div>\n\t\t\t\t<\/div>\n\t\t\t\t\t<\/div>\n\t\t<\/div>\n\t\t\t\t\t<\/div>\n\t\t<\/section>\n\t\t\t\t<\/div>\n\t\t","protected":false},"excerpt":{"rendered":"<p>Tilausten l\u00e4hett\u00e4minen Tilauksesi l\u00e4hetet\u00e4\u00e4n Kreikan postin kautta (www.elta.gr) 5 ty\u00f6p\u00e4iv\u00e4n kuluessa maksun vahvistamisesta. L\u00e4het\u00e4mme paketit Priority Registered Air -l\u00e4hetyksen\u00e4. Kun tilauksesi on l\u00e4hetetty, l\u00e4het\u00e4mme ilmoituksen paketin seurantanumeron kanssa kassalla annettuun s\u00e4hk\u00f6postiosoitteeseen. L\u00e4hetysaika Toimitusaika vaihtelee kohdemaasta riippuen. Toimitusaika on noin 3 ty\u00f6p\u00e4iv\u00e4\u00e4 Kreikassa, 8-10 ty\u00f6p\u00e4iv\u00e4\u00e4 EU:n alueella asuville ja 10-15 ty\u00f6p\u00e4iv\u00e4\u00e4 EU:n ulkopuolisille asiakkaille. Jos tarvitset [&hellip;]<\/p>\n","protected":false},"author":3,"featured_media":0,"parent":0,"menu_order":0,"comment_status":"closed","ping_status":"closed","template":"","meta":{"site-sidebar-layout":"default","site-content-layout":"default","ast-site-content-layout":"","site-content-style":"default","site-sidebar-style":"default","ast-global-header-display":"","ast-banner-title-visibility":"","ast-main-header-display":"","ast-hfb-above-header-display":"","ast-hfb-below-header-display":"","ast-hfb-mobile-header-display":"","site-post-title":"","ast-breadcrumbs-content":"","ast-featured-img":"","footer-sml-layout":"","theme-transparent-header-meta":"default","adv-header-id-meta":"","stick-header-meta":"","header-above-stick-meta":"","header-main-stick-meta":"","header-below-stick-meta":"","astra-migrate-meta-layouts":"default","ast-page-background-enabled":"default","ast-page-background-meta":{"desktop":{"background-color":"var(--ast-global-color-4)","background-image":"","background-repeat":"repeat","background-position":"center center","background-size":"auto","background-attachment":"scroll","background-type":"","background-media":"","overlay-type":"","overlay-color":"","overlay-opacity":"","overlay-gradient":""},"tablet":{"background-color":"","background-image":"","background-repeat":"repeat","background-position":"center center","background-size":"auto","background-attachment":"scroll","background-type":"","background-media":"","overlay-type":"","overlay-color":"","overlay-opacity":"","overlay-gradient":""},"mobile":{"background-color":"","background-image":"","background-repeat":"repeat","background-position":"center center","background-size":"auto","background-attachment":"scroll","background-type":"","background-media":"","overlay-type":"","overlay-color":"","overlay-opacity":"","overlay-gradient":""}},"ast-content-background-meta":{"desktop":{"background-color":"var(--ast-global-color-5)","background-image":"","background-repeat":"repeat","background-position":"center center","background-size":"auto","background-attachment":"scroll","background-type":"","background-media":"","overlay-type":"","overlay-color":"","overlay-opacity":"","overlay-gradient":""},"tablet":{"background-color":"var(--ast-global-color-5)","background-image":"","background-repeat":"repeat","background-position":"center center","background-size":"auto","background-attachment":"scroll","background-type":"","background-media":"","overlay-type":"","overlay-color":"","overlay-opacity":"","overlay-gradient":""},"mobile":{"background-color":"var(--ast-global-color-5)","background-image":"","background-repeat":"repeat","background-position":"center center","background-size":"auto","background-attachment":"scroll","background-type":"","background-media":"","overlay-type":"","overlay-color":"","overlay-opacity":"","overlay-gradient":""}},"footnotes":""},"class_list":["post-4409","page","type-page","status-publish","hentry"],"_links":{"self":[{"href":"https:\/\/repl4stic.gr\/fi\/wp-json\/wp\/v2\/pages\/4409","targetHints":{"allow":["GET"]}}],"collection":[{"href":"https:\/\/repl4stic.gr\/fi\/wp-json\/wp\/v2\/pages"}],"about":[{"href":"https:\/\/repl4stic.gr\/fi\/wp-json\/wp\/v2\/types\/page"}],"author":[{"embeddable":true,"href":"https:\/\/repl4stic.gr\/fi\/wp-json\/wp\/v2\/users\/3"}],"replies":[{"embeddable":true,"href":"https:\/\/repl4stic.gr\/fi\/wp-json\/wp\/v2\/comments?post=4409"}],"version-history":[{"count":1,"href":"https:\/\/repl4stic.gr\/fi\/wp-json\/wp\/v2\/pages\/4409\/revisions"}],"predecessor-version":[{"id":4419,"href":"https:\/\/repl4stic.gr\/fi\/wp-json\/wp\/v2\/pages\/4409\/revisions\/4419"}],"wp:attachment":[{"href":"https:\/\/repl4stic.gr\/fi\/wp-json\/wp\/v2\/media?parent=4409"}],"curies":[{"name":"wp","href":"https:\/\/api.w.org\/{rel}","templated":true}]}}