{"id":4379,"date":"2022-07-18T16:04:59","date_gmt":"2022-07-18T14:04:59","guid":{"rendered":"https:\/\/repl4stic.gr\/kierratys\/"},"modified":"2023-03-11T19:00:19","modified_gmt":"2023-03-11T17:00:19","slug":"kierratys","status":"publish","type":"page","link":"https:\/\/repl4stic.gr\/fi\/kierratys\/","title":{"rendered":"Kierr\u00e4tys"},"content":{"rendered":"\t\t<div data-elementor-type=\"wp-page\" data-elementor-id=\"4379\" class=\"elementor elementor-4379\" data-elementor-post-type=\"page\">\n\t\t\t\t\t\t<section class=\"elementor-section elementor-top-section elementor-element elementor-element-f005aa6 elementor-reverse-mobile elementor-section-boxed elementor-section-height-default elementor-section-height-default\" data-id=\"f005aa6\" data-element_type=\"section\" data-settings=\"{&quot;background_background&quot;:&quot;classic&quot;}\">\n\t\t\t\t\t\t\t<div class=\"elementor-background-overlay\"><\/div>\n\t\t\t\t\t\t\t<div class=\"elementor-container elementor-column-gap-default\">\n\t\t\t\t\t<div class=\"elementor-column elementor-col-50 elementor-top-column elementor-element elementor-element-05f5706\" data-id=\"05f5706\" data-element_type=\"column\">\n\t\t\t<div class=\"elementor-widget-wrap elementor-element-populated\">\n\t\t\t\t\t\t<div class=\"elementor-element elementor-element-578e574 elementor-widget elementor-widget-spacer\" data-id=\"578e574\" data-element_type=\"widget\" data-widget_type=\"spacer.default\">\n\t\t\t\t<div class=\"elementor-widget-container\">\n\t\t\t\t\t<div class=\"elementor-spacer\">\n\t\t\t<div class=\"elementor-spacer-inner\"><\/div>\n\t\t<\/div>\n\t\t\t\t<\/div>\n\t\t\t\t<\/div>\n\t\t\t\t<div class=\"elementor-element elementor-element-027bd8a elementor-widget elementor-widget-heading\" data-id=\"027bd8a\" data-element_type=\"widget\" data-widget_type=\"heading.default\">\n\t\t\t\t<div class=\"elementor-widget-container\">\n\t\t\t<h1 class=\"elementor-heading-title elementor-size-default\">Kierr\u00e4tys!<\/h1>\t\t<\/div>\n\t\t\t\t<\/div>\n\t\t\t\t\t<\/div>\n\t\t<\/div>\n\t\t\t\t<div class=\"elementor-column elementor-col-50 elementor-top-column elementor-element elementor-element-0e2638b\" data-id=\"0e2638b\" data-element_type=\"column\">\n\t\t\t<div class=\"elementor-widget-wrap elementor-element-populated\">\n\t\t\t\t\t\t<div class=\"elementor-element elementor-element-0287f7f elementor-widget elementor-widget-spacer\" data-id=\"0287f7f\" data-element_type=\"widget\" data-widget_type=\"spacer.default\">\n\t\t\t\t<div class=\"elementor-widget-container\">\n\t\t\t\t\t<div class=\"elementor-spacer\">\n\t\t\t<div class=\"elementor-spacer-inner\"><\/div>\n\t\t<\/div>\n\t\t\t\t<\/div>\n\t\t\t\t<\/div>\n\t\t\t\t<div class=\"elementor-element elementor-element-4032649 elementor-widget elementor-widget-tp-image-factory\" data-id=\"4032649\" data-element_type=\"widget\" data-widget_type=\"tp-image-factory.default\">\n\t\t\t\t<div class=\"elementor-widget-container\">\n\t\t\t<div id=\"plus69fa0186a0a4a\" class=\"plus-adv-text-widget plus-widget-wrapper    image-floating\"  ><div class=\"plus-widget-inner-wrap   \"  ><div id=\"plus69fa0186a0e12\" class=\"pt-plus-animated-image-wrapper      image-floating\" ><div class=\"animated-image-parallax   \" ><div class=\"pt_plus_animated_image bg-image69fa0186a0e0e text-center  text--mobilecenter  \"  > <figure class=\"     \"  ><div class=\"vc_single_image-wrapper   \"><img fetchpriority=\"high\" decoding=\"async\" width=\"1000\" height=\"937\" src=\"https:\/\/repl4stic.gr\/wp-content\/uploads\/2022\/08\/upcycle-repl4stic.png\" class=\"attachment-full size-full wp-image-1002\" alt=\"\" loading=\"eager\" srcset=\"https:\/\/repl4stic.gr\/wp-content\/uploads\/2022\/08\/upcycle-repl4stic.png 1000w, https:\/\/repl4stic.gr\/wp-content\/uploads\/2022\/08\/upcycle-repl4stic-600x562.png 600w, https:\/\/repl4stic.gr\/wp-content\/uploads\/2022\/08\/upcycle-repl4stic-300x281.png 300w, https:\/\/repl4stic.gr\/wp-content\/uploads\/2022\/08\/upcycle-repl4stic-768x720.png 768w\" sizes=\"(max-width: 1000px) 100vw, 1000px\" \/><\/div> <\/figure> <\/div><\/div><\/div><\/div><\/div>\t\t<\/div>\n\t\t\t\t<\/div>\n\t\t\t\t\t<\/div>\n\t\t<\/div>\n\t\t\t\t\t<\/div>\n\t\t<\/section>\n\t\t\t\t<section class=\"elementor-section elementor-top-section elementor-element elementor-element-ae311b0 elementor-section-boxed elementor-section-height-default elementor-section-height-default\" data-id=\"ae311b0\" data-element_type=\"section\">\n\t\t\t\t\t\t<div class=\"elementor-container elementor-column-gap-default\">\n\t\t\t\t\t<div class=\"elementor-column elementor-col-100 elementor-top-column elementor-element elementor-element-42d9ba6\" data-id=\"42d9ba6\" data-element_type=\"column\">\n\t\t\t<div class=\"elementor-widget-wrap elementor-element-populated\">\n\t\t\t\t\t\t<section class=\"elementor-section elementor-inner-section elementor-element elementor-element-ce9e99c elementor-section-boxed elementor-section-height-default elementor-section-height-default\" data-id=\"ce9e99c\" data-element_type=\"section\">\n\t\t\t\t\t\t<div class=\"elementor-container elementor-column-gap-extended\">\n\t\t\t\t\t<div class=\"elementor-column elementor-col-50 elementor-inner-column elementor-element elementor-element-fab1510\" data-id=\"fab1510\" data-element_type=\"column\">\n\t\t\t<div class=\"elementor-widget-wrap elementor-element-populated\">\n\t\t\t\t\t\t<div class=\"elementor-element elementor-element-b39a487 elementor-widget elementor-widget-tp-flip-box\" data-id=\"b39a487\" data-element_type=\"widget\" data-widget_type=\"tp-flip-box.default\">\n\t\t\t\t<div class=\"elementor-widget-container\">\n\t\t\t<div class=\"pt_plus_info_box    flip_box69fa0186a7d68 info-box-style_5    \"  dir= data-id=\"flip_box69fa0186a7d68\"   ><div class=\"post-inner-loop\"><div class=\"info-box-inner content_hover_effect \"  ><div class=\"info-box-bg-box\"><div class=\"service-flipbox flip-horizontal height-full\"><div class=\"service-flipbox-holder height-full text-center perspective bezier-1\"><div class=\"service-flipbox-front  bezier-1 no-backface origin-center\"><div class=\"service-flipbox-content width-full\"><span class=\"service-icon  \"><i aria-hidden=\"true\" class=\"fas fa-recycle\"><\/i><\/span><div class=\"service-content\"><div class=\"service-title\"> Kierr\u00e4tys   <\/div><\/div><\/div><div class=\"infobox-front-overlay\"><\/div><\/div><div class=\"service-flipbox-back  fold-back-horizontal no-backface bezier-1 origin-center\"><div class=\"service-flipbox-content width-full\"><div class=\"service-desc\"> <p>Kierr\u00e4tys on prosessi, jossa erilaiset materiaalit tai tuotteet, jotka eiv\u00e4t en\u00e4\u00e4 kelpaa ihmisille, k\u00e4ytet\u00e4\u00e4n uudelleen. T\u00e4ss\u00e4 prosessissa j\u00e4te muutetaan yleens\u00e4 raaka-aineiksi, joista valmistetaan uusia tuotteita.<\/p>\n <\/div><\/div><div class=\"infobox-back-overlay\"><\/div><\/div><\/div><\/div><\/div><\/div><\/div><\/div>\t\t<\/div>\n\t\t\t\t<\/div>\n\t\t\t\t\t<\/div>\n\t\t<\/div>\n\t\t\t\t<div class=\"elementor-column elementor-col-50 elementor-inner-column elementor-element elementor-element-d126ff7\" data-id=\"d126ff7\" data-element_type=\"column\">\n\t\t\t<div class=\"elementor-widget-wrap elementor-element-populated\">\n\t\t\t\t\t\t<div class=\"elementor-element elementor-element-285780c elementor-widget elementor-widget-tp-flip-box\" data-id=\"285780c\" data-element_type=\"widget\" data-widget_type=\"tp-flip-box.default\">\n\t\t\t\t<div class=\"elementor-widget-container\">\n\t\t\t<div class=\"pt_plus_info_box    flip_box69fa0186a89de info-box-style_5    \"  dir= data-id=\"flip_box69fa0186a89de\"   ><div class=\"post-inner-loop\"><div class=\"info-box-inner content_hover_effect \"  ><div class=\"info-box-bg-box\"><div class=\"service-flipbox flip-horizontal height-full\"><div class=\"service-flipbox-holder height-full text-center perspective bezier-1\"><div class=\"service-flipbox-front  bezier-1 no-backface origin-center\"><div class=\"service-flipbox-content width-full\"><span class=\"service-icon  \"><i aria-hidden=\"true\" class=\"fas fa-bullseye\"><\/i><\/span><div class=\"service-content\"><div class=\"service-title\"> Tavoite <\/div><\/div><\/div><div class=\"infobox-front-overlay\"><\/div><\/div><div class=\"service-flipbox-back  fold-back-horizontal no-backface bezier-1 origin-center\"><div class=\"service-flipbox-content width-full\"><div class=\"service-desc\"> <p>Kierr\u00e4tyksen tavoitteena on muuttaa ymp\u00e4rist\u00f6lle haitalliset materiaalit v\u00e4hemm\u00e4n haitallisiksi tai jopa haitattomiksi materiaaleiksi. V\u00e4hent\u00e4\u00e4 raaka-aineiden kulutusta ja kaatopaikoille p\u00e4\u00e4tyv\u00e4n j\u00e4tteen m\u00e4\u00e4r\u00e4\u00e4! Se on keskeinen k\u00e4site nykyaikaisessa j\u00e4tehuollossa.<\/p>\n <\/div><\/div><div class=\"infobox-back-overlay\"><\/div><\/div><\/div><\/div><\/div><\/div><\/div><\/div>\t\t<\/div>\n\t\t\t\t<\/div>\n\t\t\t\t\t<\/div>\n\t\t<\/div>\n\t\t\t\t\t<\/div>\n\t\t<\/section>\n\t\t\t\t<div class=\"elementor-element elementor-element-cf897b0 elementor-widget elementor-widget-spacer\" data-id=\"cf897b0\" data-element_type=\"widget\" data-widget_type=\"spacer.default\">\n\t\t\t\t<div class=\"elementor-widget-container\">\n\t\t\t\t\t<div class=\"elementor-spacer\">\n\t\t\t<div class=\"elementor-spacer-inner\"><\/div>\n\t\t<\/div>\n\t\t\t\t<\/div>\n\t\t\t\t<\/div>\n\t\t\t\t<div class=\"elementor-element elementor-element-07ae67a elementor-widget elementor-widget-text-editor\" data-id=\"07ae67a\" data-element_type=\"widget\" data-widget_type=\"text-editor.default\">\n\t\t\t\t<div class=\"elementor-widget-container\">\n\t\t\t\t\t\t\t<h3><strong>Kiertotalous ja kierr\u00e4tys  <\/strong><\/h3>\n<p style=\"text-align: left\">Kiertotalouteen kuuluu tuotteiden tuotanto olemassa olevien tuotteiden uudelleenk\u00e4yt\u00f6n ja kierr\u00e4tyksen avulla niiden elinkaaren pident\u00e4miseksi. Kiertotalouden avulla j\u00e4tett\u00e4 syntyy mahdollisimman v\u00e4h\u00e4n. Kun tuote saavuttaa elinkaarensa lopun, sen valmistuksessa k\u00e4ytetyt materiaalit s\u00e4ilytet\u00e4\u00e4n ja k\u00e4ytet\u00e4\u00e4n uudelleen jollakin tavalla, mik\u00e4 lis\u00e4\u00e4 tuotteen arvoa.<\/p>\n<p style=\"text-align: left\">J\u00e4tehuollon parantaminen voi tuoda merkitt\u00e4vi\u00e4 etuja ymp\u00e4rist\u00f6n, ilmaston ja ihmisten terveyden kannalta.<\/p>\n\t\t\t\t\t\t<\/div>\n\t\t\t\t<\/div>\n\t\t\t\t<div class=\"elementor-element elementor-element-d8f96c8 elementor-icon-list--layout-inline elementor-align-center elementor-list-item-link-full_width elementor-widget elementor-widget-icon-list\" data-id=\"d8f96c8\" data-element_type=\"widget\" data-widget_type=\"icon-list.default\">\n\t\t\t\t<div class=\"elementor-widget-container\">\n\t\t\t\t\t<ul class=\"elementor-icon-list-items elementor-inline-items\">\n\t\t\t\t\t\t\t<li class=\"elementor-icon-list-item elementor-inline-item\">\n\t\t\t\t\t\t\t\t\t\t\t<span class=\"elementor-icon-list-icon\">\n\t\t\t\t\t\t\t<i aria-hidden=\"true\" class=\"fas fa-check\"><\/i>\t\t\t\t\t\t<\/span>\n\t\t\t\t\t\t\t\t\t\t<span class=\"elementor-icon-list-text\">Kierr\u00e4tys  <\/span>\n\t\t\t\t\t\t\t\t\t<\/li>\n\t\t\t\t\t\t\t\t<li class=\"elementor-icon-list-item elementor-inline-item\">\n\t\t\t\t\t\t\t\t\t\t\t<span class=\"elementor-icon-list-icon\">\n\t\t\t\t\t\t\t<i aria-hidden=\"true\" class=\"fas fa-check\"><\/i>\t\t\t\t\t\t<\/span>\n\t\t\t\t\t\t\t\t\t\t<span class=\"elementor-icon-list-text\">L\u00e4hes nollatuotanto tai nollatuotanto  <\/span>\n\t\t\t\t\t\t\t\t\t<\/li>\n\t\t\t\t\t\t\t\t<li class=\"elementor-icon-list-item elementor-inline-item\">\n\t\t\t\t\t\t\t\t\t\t\t<span class=\"elementor-icon-list-icon\">\n\t\t\t\t\t\t\t<i aria-hidden=\"true\" class=\"fas fa-check\"><\/i>\t\t\t\t\t\t<\/span>\n\t\t\t\t\t\t\t\t\t\t<span class=\"elementor-icon-list-text\">Taloudellinen suunnittelu  <\/span>\n\t\t\t\t\t\t\t\t\t<\/li>\n\t\t\t\t\t\t\t\t<li class=\"elementor-icon-list-item elementor-inline-item\">\n\t\t\t\t\t\t\t\t\t\t\t<span class=\"elementor-icon-list-icon\">\n\t\t\t\t\t\t\t<i aria-hidden=\"true\" class=\"fas fa-check\"><\/i>\t\t\t\t\t\t<\/span>\n\t\t\t\t\t\t\t\t\t\t<span class=\"elementor-icon-list-text\">CO2-jalanj\u00e4ljen pienent\u00e4minen<\/span>\n\t\t\t\t\t\t\t\t\t<\/li>\n\t\t\t\t\t\t<\/ul>\n\t\t\t\t<\/div>\n\t\t\t\t<\/div>\n\t\t\t\t<div class=\"elementor-element elementor-element-5a343a3 elementor-widget elementor-widget-spacer\" data-id=\"5a343a3\" data-element_type=\"widget\" data-widget_type=\"spacer.default\">\n\t\t\t\t<div class=\"elementor-widget-container\">\n\t\t\t\t\t<div class=\"elementor-spacer\">\n\t\t\t<div class=\"elementor-spacer-inner\"><\/div>\n\t\t<\/div>\n\t\t\t\t<\/div>\n\t\t\t\t<\/div>\n\t\t\t\t<div class=\"elementor-element elementor-element-1f2be65 elementor-widget elementor-widget-progress\" data-id=\"1f2be65\" data-element_type=\"widget\" data-widget_type=\"progress.default\">\n\t\t\t\t<div class=\"elementor-widget-container\">\n\t\t\t\t\t\t<span class=\"elementor-title\" id=\"elementor-progress-bar-1f2be65\">\n\t\t\t\tKierr\u00e4tys Kreikassa\t\t\t<\/span>\n\t\t\n\t\t<div aria-labelledby=\"elementor-progress-bar-1f2be65\" class=\"elementor-progress-wrapper\" role=\"progressbar\" aria-valuemin=\"0\" aria-valuemax=\"100\" aria-valuenow=\"20\" aria-valuetext=\"20% (J\u00e4tteiden kierr\u00e4tys)\">\n\t\t\t<div class=\"elementor-progress-bar\" data-max=\"20\">\n\t\t\t\t<span class=\"elementor-progress-text\">J\u00e4tteiden kierr\u00e4tys<\/span>\n\t\t\t\t\t\t\t\t\t<span class=\"elementor-progress-percentage\">20%<\/span>\n\t\t\t\t\t\t\t<\/div>\n\t\t<\/div>\n\t\t\t\t<\/div>\n\t\t\t\t<\/div>\n\t\t\t\t<div class=\"elementor-element elementor-element-61670b9 elementor-widget elementor-widget-text-editor\" data-id=\"61670b9\" data-element_type=\"widget\" data-widget_type=\"text-editor.default\">\n\t\t\t\t<div class=\"elementor-widget-container\">\n\t\t\t\t\t\t\t<p>Kreikka kierr\u00e4tt\u00e4\u00e4 alle 20 prosenttia j\u00e4tteist\u00e4\u00e4n ja on kaukana EU:n keskiarvosta.<\/p>\n\t\t\t\t\t\t<\/div>\n\t\t\t\t<\/div>\n\t\t\t\t<div class=\"elementor-element elementor-element-2e20cce elementor-widget elementor-widget-spacer\" data-id=\"2e20cce\" data-element_type=\"widget\" data-widget_type=\"spacer.default\">\n\t\t\t\t<div class=\"elementor-widget-container\">\n\t\t\t\t\t<div class=\"elementor-spacer\">\n\t\t\t<div class=\"elementor-spacer-inner\"><\/div>\n\t\t<\/div>\n\t\t\t\t<\/div>\n\t\t\t\t<\/div>\n\t\t\t\t\t<\/div>\n\t\t<\/div>\n\t\t\t\t\t<\/div>\n\t\t<\/section>\n\t\t\t\t<section class=\"elementor-section elementor-top-section elementor-element elementor-element-26b852c elementor-section-boxed elementor-section-height-default elementor-section-height-default\" data-id=\"26b852c\" data-element_type=\"section\">\n\t\t\t\t\t\t<div class=\"elementor-container elementor-column-gap-default\">\n\t\t\t\t\t<div class=\"elementor-column elementor-col-100 elementor-top-column elementor-element elementor-element-c02b8b5\" data-id=\"c02b8b5\" data-element_type=\"column\">\n\t\t\t<div class=\"elementor-widget-wrap elementor-element-populated\">\n\t\t\t\t\t\t<section class=\"elementor-section elementor-inner-section elementor-element elementor-element-d31f9fa elementor-section-boxed elementor-section-height-default elementor-section-height-default\" data-id=\"d31f9fa\" data-element_type=\"section\">\n\t\t\t\t\t\t<div class=\"elementor-container elementor-column-gap-default\">\n\t\t\t\t\t<div class=\"elementor-column elementor-col-25 elementor-inner-column elementor-element elementor-element-8d0b034\" data-id=\"8d0b034\" data-element_type=\"column\">\n\t\t\t<div class=\"elementor-widget-wrap\">\n\t\t\t\t\t\t\t<\/div>\n\t\t<\/div>\n\t\t\t\t<div class=\"elementor-column elementor-col-25 elementor-inner-column elementor-element elementor-element-366b950\" data-id=\"366b950\" data-element_type=\"column\">\n\t\t\t<div class=\"elementor-widget-wrap elementor-element-populated\">\n\t\t\t\t\t\t<div class=\"elementor-element elementor-element-920a1da elementor-widget elementor-widget-image\" data-id=\"920a1da\" data-element_type=\"widget\" data-widget_type=\"image.default\">\n\t\t\t\t<div class=\"elementor-widget-container\">\n\t\t\t\t\t\t\t\t\t\t\t\t\t<img decoding=\"async\" width=\"766\" height=\"1024\" src=\"https:\/\/repl4stic.gr\/wp-content\/uploads\/2022\/07\/6b691203-ad64-4deb-8875-cbcda57d88d3-766x1024.jpg\" class=\"attachment-large size-large wp-image-3836\" alt=\"\" srcset=\"https:\/\/repl4stic.gr\/wp-content\/uploads\/2022\/07\/6b691203-ad64-4deb-8875-cbcda57d88d3-766x1024.jpg 766w, https:\/\/repl4stic.gr\/wp-content\/uploads\/2022\/07\/6b691203-ad64-4deb-8875-cbcda57d88d3-600x802.jpg 600w, https:\/\/repl4stic.gr\/wp-content\/uploads\/2022\/07\/6b691203-ad64-4deb-8875-cbcda57d88d3-225x300.jpg 225w, https:\/\/repl4stic.gr\/wp-content\/uploads\/2022\/07\/6b691203-ad64-4deb-8875-cbcda57d88d3-768x1026.jpg 768w, https:\/\/repl4stic.gr\/wp-content\/uploads\/2022\/07\/6b691203-ad64-4deb-8875-cbcda57d88d3.jpg 958w\" sizes=\"(max-width: 766px) 100vw, 766px\" loading=\"eager\" \/>\t\t\t\t\t\t\t\t\t\t\t\t\t<\/div>\n\t\t\t\t<\/div>\n\t\t\t\t\t<\/div>\n\t\t<\/div>\n\t\t\t\t<div class=\"elementor-column elementor-col-25 elementor-inner-column elementor-element elementor-element-6860196\" data-id=\"6860196\" data-element_type=\"column\">\n\t\t\t<div class=\"elementor-widget-wrap elementor-element-populated\">\n\t\t\t\t\t\t<div class=\"elementor-element elementor-element-85acde9 elementor-widget elementor-widget-text-editor\" data-id=\"85acde9\" data-element_type=\"widget\" data-widget_type=\"text-editor.default\">\n\t\t\t\t<div class=\"elementor-widget-container\">\n\t\t\t\t\t\t\t<h4 style=\"text-align: left\">Tuotteet<\/h4>\n<p>Tuotteet on valmistettu kierr\u00e4tysmuovipullojen korkista. Tilastojen mukaan suurin osa kansista p\u00e4\u00e4tyy meriin. Tutkimukset ovat osoittaneet, ett\u00e4 11 000 tonnia muovia heitet\u00e4\u00e4n Kreikan meriin ja 570 000 tonnia muovia V\u00e4limerelle. 1 kg (kilogramman) muovin kierr\u00e4tt\u00e4minen v\u00e4hent\u00e4\u00e4 hiilidioksidip\u00e4\u00e4st\u00f6j\u00e4 1,5 kg (kilogrammaa).<\/p>\n\t\t\t\t\t\t<\/div>\n\t\t\t\t<\/div>\n\t\t\t\t\t<\/div>\n\t\t<\/div>\n\t\t\t\t<div class=\"elementor-column elementor-col-25 elementor-inner-column elementor-element elementor-element-f18e054\" data-id=\"f18e054\" data-element_type=\"column\">\n\t\t\t<div class=\"elementor-widget-wrap\">\n\t\t\t\t\t\t\t<\/div>\n\t\t<\/div>\n\t\t\t\t\t<\/div>\n\t\t<\/section>\n\t\t\t\t<div class=\"elementor-element elementor-element-b24dcf7 elementor-widget elementor-widget-spacer\" data-id=\"b24dcf7\" data-element_type=\"widget\" data-widget_type=\"spacer.default\">\n\t\t\t\t<div class=\"elementor-widget-container\">\n\t\t\t\t\t<div class=\"elementor-spacer\">\n\t\t\t<div class=\"elementor-spacer-inner\"><\/div>\n\t\t<\/div>\n\t\t\t\t<\/div>\n\t\t\t\t<\/div>\n\t\t\t\t\t<\/div>\n\t\t<\/div>\n\t\t\t\t\t<\/div>\n\t\t<\/section>\n\t\t\t\t<\/div>\n\t\t","protected":false},"excerpt":{"rendered":"<p>Kierr\u00e4tys! Kierr\u00e4tys Kierr\u00e4tys on prosessi, jossa erilaiset materiaalit tai tuotteet, jotka eiv\u00e4t en\u00e4\u00e4 kelpaa ihmisille, k\u00e4ytet\u00e4\u00e4n uudelleen. T\u00e4ss\u00e4 prosessissa j\u00e4te muutetaan yleens\u00e4 raaka-aineiksi, joista valmistetaan uusia tuotteita. Tavoite Kierr\u00e4tyksen tavoitteena on muuttaa ymp\u00e4rist\u00f6lle haitalliset materiaalit v\u00e4hemm\u00e4n haitallisiksi tai jopa haitattomiksi materiaaleiksi. V\u00e4hent\u00e4\u00e4 raaka-aineiden kulutusta ja kaatopaikoille p\u00e4\u00e4tyv\u00e4n j\u00e4tteen m\u00e4\u00e4r\u00e4\u00e4! Se on keskeinen k\u00e4site nykyaikaisessa j\u00e4tehuollossa. [&hellip;]<\/p>\n","protected":false},"author":3,"featured_media":0,"parent":0,"menu_order":0,"comment_status":"closed","ping_status":"closed","template":"","meta":{"site-sidebar-layout":"default","site-content-layout":"","ast-site-content-layout":"","site-content-style":"default","site-sidebar-style":"default","ast-global-header-display":"","ast-banner-title-visibility":"","ast-main-header-display":"","ast-hfb-above-header-display":"","ast-hfb-below-header-display":"","ast-hfb-mobile-header-display":"","site-post-title":"","ast-breadcrumbs-content":"","ast-featured-img":"","footer-sml-layout":"","theme-transparent-header-meta":"","adv-header-id-meta":"","stick-header-meta":"","header-above-stick-meta":"","header-main-stick-meta":"","header-below-stick-meta":"","astra-migrate-meta-layouts":"default","ast-page-background-enabled":"default","ast-page-background-meta":{"desktop":{"background-color":"var(--ast-global-color-4)","background-image":"","background-repeat":"repeat","background-position":"center center","background-size":"auto","background-attachment":"scroll","background-type":"","background-media":"","overlay-type":"","overlay-color":"","overlay-opacity":"","overlay-gradient":""},"tablet":{"background-color":"","background-image":"","background-repeat":"repeat","background-position":"center center","background-size":"auto","background-attachment":"scroll","background-type":"","background-media":"","overlay-type":"","overlay-color":"","overlay-opacity":"","overlay-gradient":""},"mobile":{"background-color":"","background-image":"","background-repeat":"repeat","background-position":"center center","background-size":"auto","background-attachment":"scroll","background-type":"","background-media":"","overlay-type":"","overlay-color":"","overlay-opacity":"","overlay-gradient":""}},"ast-content-background-meta":{"desktop":{"background-color":"var(--ast-global-color-5)","background-image":"","background-repeat":"repeat","background-position":"center center","background-size":"auto","background-attachment":"scroll","background-type":"","background-media":"","overlay-type":"","overlay-color":"","overlay-opacity":"","overlay-gradient":""},"tablet":{"background-color":"var(--ast-global-color-5)","background-image":"","background-repeat":"repeat","background-position":"center center","background-size":"auto","background-attachment":"scroll","background-type":"","background-media":"","overlay-type":"","overlay-color":"","overlay-opacity":"","overlay-gradient":""},"mobile":{"background-color":"var(--ast-global-color-5)","background-image":"","background-repeat":"repeat","background-position":"center center","background-size":"auto","background-attachment":"scroll","background-type":"","background-media":"","overlay-type":"","overlay-color":"","overlay-opacity":"","overlay-gradient":""}},"footnotes":""},"class_list":["post-4379","page","type-page","status-publish","hentry"],"_links":{"self":[{"href":"https:\/\/repl4stic.gr\/fi\/wp-json\/wp\/v2\/pages\/4379","targetHints":{"allow":["GET"]}}],"collection":[{"href":"https:\/\/repl4stic.gr\/fi\/wp-json\/wp\/v2\/pages"}],"about":[{"href":"https:\/\/repl4stic.gr\/fi\/wp-json\/wp\/v2\/types\/page"}],"author":[{"embeddable":true,"href":"https:\/\/repl4stic.gr\/fi\/wp-json\/wp\/v2\/users\/3"}],"replies":[{"embeddable":true,"href":"https:\/\/repl4stic.gr\/fi\/wp-json\/wp\/v2\/comments?post=4379"}],"version-history":[{"count":1,"href":"https:\/\/repl4stic.gr\/fi\/wp-json\/wp\/v2\/pages\/4379\/revisions"}],"predecessor-version":[{"id":4396,"href":"https:\/\/repl4stic.gr\/fi\/wp-json\/wp\/v2\/pages\/4379\/revisions\/4396"}],"wp:attachment":[{"href":"https:\/\/repl4stic.gr\/fi\/wp-json\/wp\/v2\/media?parent=4379"}],"curies":[{"name":"wp","href":"https:\/\/api.w.org\/{rel}","templated":true}]}}