{"id":4362,"date":"2022-06-20T09:42:41","date_gmt":"2022-06-20T07:42:41","guid":{"rendered":"https:\/\/repl4stic.gr\/palautusehdot\/"},"modified":"2023-03-11T19:00:17","modified_gmt":"2023-03-11T17:00:17","slug":"palautusehdot","status":"publish","type":"page","link":"https:\/\/repl4stic.gr\/fi\/palautusehdot\/","title":{"rendered":"Palautusehdot"},"content":{"rendered":"\t\t<div data-elementor-type=\"wp-page\" data-elementor-id=\"4362\" class=\"elementor elementor-4362\" data-elementor-post-type=\"page\">\n\t\t\t\t\t\t<section class=\"elementor-section elementor-top-section elementor-element elementor-element-cdc367a elementor-section-boxed elementor-section-height-default elementor-section-height-default\" data-id=\"cdc367a\" data-element_type=\"section\">\n\t\t\t\t\t\t<div class=\"elementor-container elementor-column-gap-default\">\n\t\t\t\t\t<div class=\"elementor-column elementor-col-100 elementor-top-column elementor-element elementor-element-363ca6a\" data-id=\"363ca6a\" data-element_type=\"column\">\n\t\t\t<div class=\"elementor-widget-wrap elementor-element-populated\">\n\t\t\t\t\t\t<div class=\"elementor-element elementor-element-bb25332 elementor-widget elementor-widget-spacer\" data-id=\"bb25332\" data-element_type=\"widget\" data-widget_type=\"spacer.default\">\n\t\t\t\t<div class=\"elementor-widget-container\">\n\t\t\t\t\t<div class=\"elementor-spacer\">\n\t\t\t<div class=\"elementor-spacer-inner\"><\/div>\n\t\t<\/div>\n\t\t\t\t<\/div>\n\t\t\t\t<\/div>\n\t\t\t\t<div class=\"elementor-element elementor-element-79edb22 elementor-widget elementor-widget-heading\" data-id=\"79edb22\" data-element_type=\"widget\" data-widget_type=\"heading.default\">\n\t\t\t\t<div class=\"elementor-widget-container\">\n\t\t\t<h2 class=\"elementor-heading-title elementor-size-default\">Palautusehdot<\/h2>\t\t<\/div>\n\t\t\t\t<\/div>\n\t\t\t\t<div class=\"elementor-element elementor-element-5155ce6 elementor-widget elementor-widget-spacer\" data-id=\"5155ce6\" data-element_type=\"widget\" data-widget_type=\"spacer.default\">\n\t\t\t\t<div class=\"elementor-widget-container\">\n\t\t\t\t\t<div class=\"elementor-spacer\">\n\t\t\t<div class=\"elementor-spacer-inner\"><\/div>\n\t\t<\/div>\n\t\t\t\t<\/div>\n\t\t\t\t<\/div>\n\t\t\t\t<div class=\"elementor-element elementor-element-8796642 elementor-widget elementor-widget-text-editor\" data-id=\"8796642\" data-element_type=\"widget\" data-widget_type=\"text-editor.default\">\n\t\t\t\t<div class=\"elementor-widget-container\">\n\t\t\t\t\t\t\t<p><strong>Repl4stic.gr<\/strong> voi harkintansa mukaan korvata saamasi tuotteen, joka on viallinen valmistajan toimesta. Asiakkaan on ilmoitettava siit\u00e4 meille 7 kalenterip\u00e4iv\u00e4n kuluessa vastaanottamisesta. Tuotteen palauttamisesta p\u00e4\u00e4konttorillemme aiheutuvat kustannukset ovat aluksi sinun vastuullasi, ja jos tuote osoittautuu vialliseksi, saat uuden tuotteen, jonka kaikki toimituskulut (mukaan lukien alkuper\u00e4isen tuotteen toimituskulut) me maksamme. Saamassasi kuitissa on selke\u00e4t ohjeet siit\u00e4, miten toimit, jos haluat palauttaa tuotteen. Noudata n\u00e4it\u00e4 yksinkertaisia ohjeita, jotta sinut palvellaan mahdollisimman pian.<\/p>\n<p>-Jos asiakas on tehnyt v\u00e4\u00e4r\u00e4n tilauksen, olisi viisasta ottaa meihin yhteytt\u00e4 puhelimitse, jotta tuote voidaan korvata. T\u00e4ss\u00e4 tapauksessa asiakkaan olisi vastattava kustannuksista. Emme voi hyv\u00e4ksy\u00e4 palautuksia tuotteista, joita ei ole varastossamme ja jotka tulevat tilauksesta asiakkaalle.<\/p>\n<p>-Jos repl4stic.gr tai sen toimittaja on tehnyt virheen tuotteen suhteen, joka l\u00e4hetettiin ja joka ei sovi sinulle, ota v\u00e4litt\u00f6m\u00e4sti yhteytt\u00e4 meihin ja \u00c4L\u00c4 yrit\u00e4 muuttaa \/ muuttaa sit\u00e4, koska sit\u00e4 EI palauteta. Palautukset hyv\u00e4ksyt\u00e4\u00e4n vain alkuper\u00e4isess\u00e4 pakkauksessa ja kunnossa, vaikka kyseess\u00e4 olisi repl4stic.gr:n virhe.<\/p>\n<p>-Jos asiakas on valinnut v\u00e4\u00e4r\u00e4n koon tai v\u00e4\u00e4r\u00e4n tuotteen, on mahdollista palauttaa ja l\u00e4hett\u00e4\u00e4 oikean kokoinen tuote uudelleen, jolloin asiakas vastaa kustannuksista.<\/p>\n<p>&#8211; Me repl4stic.gr:ss\u00e4 olemme varmoja siit\u00e4, ett\u00e4 jokainen tilaus pakataan parhaalla mahdollisella tavalla. Kuriirin kuljetus on kuitenkin v\u00e4litetty, kunnes paketti saapuu sinulle. ENNEN kuin vastaanotat ja allekirjoitat, tarkista vastaanottamasi paketti. AINOASTAAN jos huomaat, ett\u00e4 paketti on saapunut sinulle vahingoittuneena jossakin edell\u00e4 mainituista kohdista, sinun on allekirjoitettava &#8221;varauksin&#8221; allekirjoituksesi alle ja avattava paketti rahdinkuljettajan edess\u00e4. Jos n\u00e4et ja osoitat, ett\u00e4 tuote on vahingoittunut, sinun on v\u00e4litt\u00f6m\u00e4sti soitettava kuriirille ja ilmoitettava siit\u00e4. T\u00e4m\u00e4n j\u00e4lkeen kuriiri ilmoittaa sinulle, mihin toimiin voit ryhty\u00e4. Jos et tee n\u00e4in, menet\u00e4t valitettavasti kaikki oikeutesi korvauksiin jne.<\/p>\n\t\t\t\t\t\t<\/div>\n\t\t\t\t<\/div>\n\t\t\t\t<div class=\"elementor-element elementor-element-0fc9572 elementor-widget elementor-widget-spacer\" data-id=\"0fc9572\" data-element_type=\"widget\" data-widget_type=\"spacer.default\">\n\t\t\t\t<div class=\"elementor-widget-container\">\n\t\t\t\t\t<div class=\"elementor-spacer\">\n\t\t\t<div class=\"elementor-spacer-inner\"><\/div>\n\t\t<\/div>\n\t\t\t\t<\/div>\n\t\t\t\t<\/div>\n\t\t\t\t\t<\/div>\n\t\t<\/div>\n\t\t\t\t\t<\/div>\n\t\t<\/section>\n\t\t\t\t<\/div>\n\t\t","protected":false},"excerpt":{"rendered":"<p>Palautusehdot Repl4stic.gr voi harkintansa mukaan korvata saamasi tuotteen, joka on viallinen valmistajan toimesta. Asiakkaan on ilmoitettava siit\u00e4 meille 7 kalenterip\u00e4iv\u00e4n kuluessa vastaanottamisesta. Tuotteen palauttamisesta p\u00e4\u00e4konttorillemme aiheutuvat kustannukset ovat aluksi sinun vastuullasi, ja jos tuote osoittautuu vialliseksi, saat uuden tuotteen, jonka kaikki toimituskulut (mukaan lukien alkuper\u00e4isen tuotteen toimituskulut) me maksamme. Saamassasi kuitissa on selke\u00e4t ohjeet siit\u00e4, [&hellip;]<\/p>\n","protected":false},"author":1,"featured_media":0,"parent":0,"menu_order":0,"comment_status":"closed","ping_status":"closed","template":"","meta":{"site-sidebar-layout":"default","site-content-layout":"","ast-site-content-layout":"","site-content-style":"default","site-sidebar-style":"default","ast-global-header-display":"","ast-banner-title-visibility":"","ast-main-header-display":"","ast-hfb-above-header-display":"","ast-hfb-below-header-display":"","ast-hfb-mobile-header-display":"","site-post-title":"","ast-breadcrumbs-content":"","ast-featured-img":"","footer-sml-layout":"","theme-transparent-header-meta":"","adv-header-id-meta":"","stick-header-meta":"","header-above-stick-meta":"","header-main-stick-meta":"","header-below-stick-meta":"","astra-migrate-meta-layouts":"default","ast-page-background-enabled":"default","ast-page-background-meta":{"desktop":{"background-color":"var(--ast-global-color-4)","background-image":"","background-repeat":"repeat","background-position":"center center","background-size":"auto","background-attachment":"scroll","background-type":"","background-media":"","overlay-type":"","overlay-color":"","overlay-opacity":"","overlay-gradient":""},"tablet":{"background-color":"","background-image":"","background-repeat":"repeat","background-position":"center center","background-size":"auto","background-attachment":"scroll","background-type":"","background-media":"","overlay-type":"","overlay-color":"","overlay-opacity":"","overlay-gradient":""},"mobile":{"background-color":"","background-image":"","background-repeat":"repeat","background-position":"center center","background-size":"auto","background-attachment":"scroll","background-type":"","background-media":"","overlay-type":"","overlay-color":"","overlay-opacity":"","overlay-gradient":""}},"ast-content-background-meta":{"desktop":{"background-color":"var(--ast-global-color-5)","background-image":"","background-repeat":"repeat","background-position":"center center","background-size":"auto","background-attachment":"scroll","background-type":"","background-media":"","overlay-type":"","overlay-color":"","overlay-opacity":"","overlay-gradient":""},"tablet":{"background-color":"var(--ast-global-color-5)","background-image":"","background-repeat":"repeat","background-position":"center center","background-size":"auto","background-attachment":"scroll","background-type":"","background-media":"","overlay-type":"","overlay-color":"","overlay-opacity":"","overlay-gradient":""},"mobile":{"background-color":"var(--ast-global-color-5)","background-image":"","background-repeat":"repeat","background-position":"center center","background-size":"auto","background-attachment":"scroll","background-type":"","background-media":"","overlay-type":"","overlay-color":"","overlay-opacity":"","overlay-gradient":""}},"footnotes":""},"class_list":["post-4362","page","type-page","status-publish","hentry"],"_links":{"self":[{"href":"https:\/\/repl4stic.gr\/fi\/wp-json\/wp\/v2\/pages\/4362","targetHints":{"allow":["GET"]}}],"collection":[{"href":"https:\/\/repl4stic.gr\/fi\/wp-json\/wp\/v2\/pages"}],"about":[{"href":"https:\/\/repl4stic.gr\/fi\/wp-json\/wp\/v2\/types\/page"}],"author":[{"embeddable":true,"href":"https:\/\/repl4stic.gr\/fi\/wp-json\/wp\/v2\/users\/1"}],"replies":[{"embeddable":true,"href":"https:\/\/repl4stic.gr\/fi\/wp-json\/wp\/v2\/comments?post=4362"}],"version-history":[{"count":1,"href":"https:\/\/repl4stic.gr\/fi\/wp-json\/wp\/v2\/pages\/4362\/revisions"}],"predecessor-version":[{"id":4371,"href":"https:\/\/repl4stic.gr\/fi\/wp-json\/wp\/v2\/pages\/4362\/revisions\/4371"}],"wp:attachment":[{"href":"https:\/\/repl4stic.gr\/fi\/wp-json\/wp\/v2\/media?parent=4362"}],"curies":[{"name":"wp","href":"https:\/\/api.w.org\/{rel}","templated":true}]}}