{"id":4344,"date":"2022-07-18T16:04:42","date_gmt":"2022-07-18T14:04:42","guid":{"rendered":"https:\/\/repl4stic.gr\/yritys\/"},"modified":"2023-03-11T19:00:19","modified_gmt":"2023-03-11T17:00:19","slug":"yritys","status":"publish","type":"page","link":"https:\/\/repl4stic.gr\/fi\/yritys\/","title":{"rendered":"Yritys"},"content":{"rendered":"\t\t<div data-elementor-type=\"wp-page\" data-elementor-id=\"4344\" class=\"elementor elementor-4344\" data-elementor-post-type=\"page\">\n\t\t\t\t\t\t<section class=\"elementor-section elementor-top-section elementor-element elementor-element-60a058c elementor-reverse-mobile elementor-section-boxed elementor-section-height-default elementor-section-height-default\" data-id=\"60a058c\" data-element_type=\"section\" data-settings=\"{&quot;background_background&quot;:&quot;classic&quot;}\">\n\t\t\t\t\t\t\t<div class=\"elementor-background-overlay\"><\/div>\n\t\t\t\t\t\t\t<div class=\"elementor-container elementor-column-gap-default\">\n\t\t\t\t\t<div class=\"elementor-column elementor-col-50 elementor-top-column elementor-element elementor-element-4b5920b\" data-id=\"4b5920b\" data-element_type=\"column\">\n\t\t\t<div class=\"elementor-widget-wrap elementor-element-populated\">\n\t\t\t\t\t\t<div class=\"elementor-element elementor-element-0c0a2bb elementor-widget elementor-widget-spacer\" data-id=\"0c0a2bb\" data-element_type=\"widget\" data-widget_type=\"spacer.default\">\n\t\t\t\t<div class=\"elementor-widget-container\">\n\t\t\t\t\t<div class=\"elementor-spacer\">\n\t\t\t<div class=\"elementor-spacer-inner\"><\/div>\n\t\t<\/div>\n\t\t\t\t<\/div>\n\t\t\t\t<\/div>\n\t\t\t\t<div class=\"elementor-element elementor-element-2a79006 elementor-widget elementor-widget-heading\" data-id=\"2a79006\" data-element_type=\"widget\" data-widget_type=\"heading.default\">\n\t\t\t\t<div class=\"elementor-widget-container\">\n\t\t\t<h1 class=\"elementor-heading-title elementor-size-default\">Keit\u00e4 me olemme...<\/h1>\t\t<\/div>\n\t\t\t\t<\/div>\n\t\t\t\t\t<\/div>\n\t\t<\/div>\n\t\t\t\t<div class=\"elementor-column elementor-col-50 elementor-top-column elementor-element elementor-element-5563559\" data-id=\"5563559\" data-element_type=\"column\">\n\t\t\t<div class=\"elementor-widget-wrap elementor-element-populated\">\n\t\t\t\t\t\t<div class=\"elementor-element elementor-element-e94d5be elementor-widget elementor-widget-spacer\" data-id=\"e94d5be\" data-element_type=\"widget\" data-widget_type=\"spacer.default\">\n\t\t\t\t<div class=\"elementor-widget-container\">\n\t\t\t\t\t<div class=\"elementor-spacer\">\n\t\t\t<div class=\"elementor-spacer-inner\"><\/div>\n\t\t<\/div>\n\t\t\t\t<\/div>\n\t\t\t\t<\/div>\n\t\t\t\t<div class=\"elementor-element elementor-element-67b2c90 elementor-widget elementor-widget-tp-image-factory\" data-id=\"67b2c90\" data-element_type=\"widget\" data-widget_type=\"tp-image-factory.default\">\n\t\t\t\t<div class=\"elementor-widget-container\">\n\t\t\t<div id=\"plus69fa014327e25\" class=\"plus-adv-text-widget plus-widget-wrapper    image-floating\"  ><div class=\"plus-widget-inner-wrap   \"  ><div id=\"plus69fa0143283a7\" class=\"pt-plus-animated-image-wrapper      image-floating\" ><div class=\"animated-image-parallax   \" ><div class=\"pt_plus_animated_image bg-image69fa01432839f text-center  text--mobilecenter  \"  > <figure class=\"     \"  ><div class=\"vc_single_image-wrapper   \"><img fetchpriority=\"high\" decoding=\"async\" width=\"1000\" height=\"937\" src=\"https:\/\/repl4stic.gr\/wp-content\/uploads\/2022\/08\/aboutus-repl4stic.png\" class=\"attachment-full size-full wp-image-973\" alt=\"\" loading=\"eager\" srcset=\"https:\/\/repl4stic.gr\/wp-content\/uploads\/2022\/08\/aboutus-repl4stic.png 1000w, https:\/\/repl4stic.gr\/wp-content\/uploads\/2022\/08\/aboutus-repl4stic-600x562.png 600w, https:\/\/repl4stic.gr\/wp-content\/uploads\/2022\/08\/aboutus-repl4stic-300x281.png 300w, https:\/\/repl4stic.gr\/wp-content\/uploads\/2022\/08\/aboutus-repl4stic-768x720.png 768w\" sizes=\"(max-width: 1000px) 100vw, 1000px\" \/><\/div> <\/figure> <\/div><\/div><\/div><\/div><\/div>\t\t<\/div>\n\t\t\t\t<\/div>\n\t\t\t\t\t<\/div>\n\t\t<\/div>\n\t\t\t\t\t<\/div>\n\t\t<\/section>\n\t\t\t\t<section class=\"elementor-section elementor-top-section elementor-element elementor-element-6fcb80e elementor-section-boxed elementor-section-height-default elementor-section-height-default\" data-id=\"6fcb80e\" data-element_type=\"section\">\n\t\t\t\t\t\t<div class=\"elementor-container elementor-column-gap-default\">\n\t\t\t\t\t<div class=\"elementor-column elementor-col-100 elementor-top-column elementor-element elementor-element-acaf70a\" data-id=\"acaf70a\" data-element_type=\"column\">\n\t\t\t<div class=\"elementor-widget-wrap elementor-element-populated\">\n\t\t\t\t\t\t<div class=\"elementor-element elementor-element-d9751b6 elementor-widget elementor-widget-tp-heading-animation\" data-id=\"d9751b6\" data-element_type=\"widget\" data-widget_type=\"tp-heading-animation.default\">\n\t\t\t\t<div class=\"elementor-widget-container\">\n\t\t\t<style>.heading-animation69fa01432a790 .pt-plus-cd-headline.loading-bar .cd-words-wrapper::after{background-color: #313131;}<\/style><div class=\"pt-plus-heading-animation heading-animation head-anim-style-1  heading-animation69fa01432a790\"  ><h1 class=\"pt-plus-cd-headline letters type\" ><span>Replastic-tiimi tarjoaa tuotteita<br> <\/span><span class=\"cd-words-wrapper waiting\" style=\"background: #d3d3d3;\"><b  class=\"is-visible\"> 100 % kierr\u00e4tetty  <\/b><b> 0 % j\u00e4tett\u00e4<\/b><\/span><\/h1><\/div>\t\t<\/div>\n\t\t\t\t<\/div>\n\t\t\t\t<div class=\"elementor-element elementor-element-4e24a38 elementor-widget elementor-widget-spacer\" data-id=\"4e24a38\" data-element_type=\"widget\" data-widget_type=\"spacer.default\">\n\t\t\t\t<div class=\"elementor-widget-container\">\n\t\t\t\t\t<div class=\"elementor-spacer\">\n\t\t\t<div class=\"elementor-spacer-inner\"><\/div>\n\t\t<\/div>\n\t\t\t\t<\/div>\n\t\t\t\t<\/div>\n\t\t\t\t<div class=\"elementor-element elementor-element-51fd1a6 elementor-widget elementor-widget-text-editor\" data-id=\"51fd1a6\" data-element_type=\"widget\" data-widget_type=\"text-editor.default\">\n\t\t\t\t<div class=\"elementor-widget-container\">\n\t\t\t\t\t\t\t<p><strong>Repl4stic<\/strong>  on monista eri ammattialoista tulevien ihmisten luova yritys, joka on yhdist\u00e4nyt voimansa osallistuakseen maailmanlaajuiseen pyrkimykseen kehitt\u00e4\u00e4 toimia, jotka edist\u00e4v\u00e4t kest\u00e4v\u00e4\u00e4 kehityst\u00e4 ja vaikuttavat ymp\u00e4rist\u00f6n, yhteiskunnan ja talouden jalanj\u00e4ljen suurentamiseen.<\/p>\n<p>Repl4stic pyrkii kuromaan umpeen lineaarisen mallin ja kiertotuotantomallin v\u00e4lisen kuilun ja sujuvoittamaan siirtym\u00e4\u00e4 lineaarisen (ota-tehd\u00e4-h\u00e4vit\u00e4) ja kiertotalouden v\u00e4lill\u00e4. Repl4stic osallistuu aktiivisesti muovikansien ker\u00e4ykseen, kierr\u00e4tykseen, sellaisten tuotteiden suunnitteluun, tuotantoon ja myynninedist\u00e4miseen, joiden raaka-aineena ovat muovikannet ja niiden uudelleenk\u00e4ytt\u00f6.<\/p>\n<p>Ker\u00e4\u00e4mme, kierr\u00e4t\u00e4mme, suunnittelemme, valmistamme, myymme ja k\u00e4yt\u00e4mme uudelleen.<\/p>\n<p><strong>Repl4sticin<\/strong> tavoitteena ja syvimp\u00e4n\u00e4 toiveena on v\u00e4litt\u00e4\u00e4 k\u00e4ytt\u00e4j\u00e4lle tapoja, joilla h\u00e4n voi tulla aktiiviseksi osallistujaksi t\u00e4h\u00e4n hankkeeseen ja uuden arjen edustajaksi, joka on t\u00e4ynn\u00e4 ymp\u00e4rist\u00f6yst\u00e4v\u00e4llisi\u00e4 tapoja ja k\u00e4yt\u00e4nt\u00f6j\u00e4.<\/p>\n\t\t\t\t\t\t<\/div>\n\t\t\t\t<\/div>\n\t\t\t\t<div class=\"elementor-element elementor-element-37e2805 elementor-widget elementor-widget-tp-timeline\" data-id=\"37e2805\" data-element_type=\"widget\" data-widget_type=\"tp-timeline.default\">\n\t\t\t\t<div class=\"elementor-widget-container\">\n\t\t\t<div id=\"pt_plus_timeline\" class=\"pt-plus-timeline-list  layout-both   timeline-center-align timeline69fa01433e962 timeline-style-2 \" data-id=\"timeline69fa01433e962\" data-masonry-type=\"no\"><div class=\"post-inner-loop arrow-style-1\"><div class=\"timeline-track  \"><\/div><div class=\"timeline-track timeline-track-draw  \"><\/div><div class=\"timeline--icon\"><div class=\"timeline-beginning-icon\"><i class=\" fa fa-angle-double-down\" ><\/i><\/div><\/div><div class=\"grid-item timeline-item-wrap elementor-repeater-item-8316ad7 timeline-left-content  text-pin-position-right\"  >\n\t\t\t\t\t\t<div class=\"timeline-inner-block timeline-transition\">\n\t\t\t\t\t\t\t<div class=\"timeline-item text-right \" >\n\t\t\t\t\t\t\t\t<div class=\"timeline-item-content timeline-transition text-right \"><div class=\"timeline-tl-before timeline-transition\"><\/div><h3 class=\"timeline-item-heading timeline-transition\">Periaate<\/h3><div class=\"border-bottom text-right\"><hr\/><\/div><div class=\"timeline-content-image\"><\/div><div class=\"timeline-item-description timeline-transition\"><p>Tarina alkaa Covid19-pandemian alkamisesta. Oli maaliskuu 2020, ja kaksi (2) nelj\u00e4st\u00e4 (4) kumppanista asui yhdess\u00e4.<\/p>\n<p>Se oli kaiken alku...<\/p>\n<p>\"Yleinen lukitus\", jotta on aikaa ajatella... ensimm\u00e4ist\u00e4 kertaa vuosiin!  <\/p>\n<\/div><\/div><\/div><div class=\"point-icon style-1\"> <div class=\"timeline-tooltip-wrap\"><div class=\"timeline-point-icon\"> <div class=\"timeline-pin-icon\"><i aria-hidden=\"true\" class=\"fas fa-check\"><\/i><\/div><\/div><\/div> <div class=\"timeline-text-tooltip position-right timeline-transition\" style=\"opacity: 1;\">2020<div class=\"tooltip-arrow timeline-transition\"><\/div><\/div> <\/div> <\/div> <\/div><div class=\"grid-item timeline-item-wrap elementor-repeater-item-ca673aa timeline-right-content  text-pin-position-left\"  >\n\t\t\t\t\t\t<div class=\"timeline-inner-block timeline-transition\">\n\t\t\t\t\t\t\t<div class=\"timeline-item text-left \" >\n\t\t\t\t\t\t\t\t<div class=\"timeline-item-content timeline-transition text-left \"><div class=\"timeline-tl-before timeline-transition\"><\/div><h3 class=\"timeline-item-heading timeline-transition\">Ensimm\u00e4iset ajatukset<\/h3><div class=\"border-bottom text-left\"><hr\/><\/div><div class=\"timeline-content-image\"><\/div><div class=\"timeline-item-description timeline-transition\"><p>Ajatus tuli esiin, ja keskustelut alkoivat, ja kaksi (2) muuta kumppania lis\u00e4ttiin. Mit\u00e4 liikeidea tarvitsee toteutuakseen? Liiketoimintasuunnitelma ja siell\u00e4 oli kaksi yst\u00e4v\u00e4\u00e4, jotka tunsivat aiheen hyvin! Kaikkien yhteisty\u00f6kumppaneiden ensimm\u00e4inen tapaaminen j\u00e4rjestet\u00e4\u00e4n, kokous... ja siell\u00e4 <em>\"<strong>Fan4plastic<\/strong>\"<\/em> luotiin.<\/p>\n<\/div><\/div><\/div><div class=\"point-icon style-1\"> <div class=\"timeline-tooltip-wrap\"><div class=\"timeline-point-icon\"> <div class=\"timeline-pin-icon\"><i aria-hidden=\"true\" class=\"fas fa-check-double\"><\/i><\/div><\/div><\/div> <div class=\"timeline-text-tooltip position-left timeline-transition\" style=\"opacity: 1;\">2021<div class=\"tooltip-arrow timeline-transition\"><\/div><\/div> <\/div> <\/div> <\/div><div class=\"grid-item timeline-item-wrap elementor-repeater-item-e32bd53 timeline-left-content  text-pin-position-right\"  >\n\t\t\t\t\t\t<div class=\"timeline-inner-block timeline-transition\">\n\t\t\t\t\t\t\t<div class=\"timeline-item text-right \" >\n\t\t\t\t\t\t\t\t<div class=\"timeline-item-content timeline-transition text-right \"><div class=\"timeline-tl-before timeline-transition\"><\/div><h3 class=\"timeline-item-heading timeline-transition\">Repl4stic<\/h3><div class=\"border-bottom text-right\"><hr\/><\/div><div class=\"timeline-content-image\"><\/div><div class=\"timeline-item-description timeline-transition\"><p>\"Fan4plasticista\" tuli lihaa ja verta oleva yritys (perustaminen verotoimistossa, asennukset, laitteiden hankinta ja kaikki se, mit\u00e4 l\u00f6yd\u00e4t sivustolta), ja se on nyt <strong>Replastic IKE<\/strong>.<\/p>\n<\/div><\/div><\/div><div class=\"point-icon style-1\"> <div class=\"timeline-tooltip-wrap\"><div class=\"timeline-point-icon\"> <div class=\"timeline-pin-icon\"><i aria-hidden=\"true\" class=\"fas fa-globe-europe\"><\/i><\/div><\/div><\/div> <div class=\"timeline-text-tooltip position-right timeline-transition\" style=\"opacity: 1;\">2022<div class=\"tooltip-arrow timeline-transition\"><\/div><\/div> <\/div> <\/div> <\/div><div class=\"grid-item timeline-item-wrap elementor-repeater-item-897e8e7 timeline-right-content  text-pin-position-left\"  >\n\t\t\t\t\t\t<div class=\"timeline-inner-block timeline-transition\">\n\t\t\t\t\t\t\t<div class=\"timeline-item text-left \" >\n\t\t\t\t\t\t\t\t<div class=\"timeline-item-content timeline-transition text-left \"><div class=\"timeline-tl-before timeline-transition\"><\/div><h3 class=\"timeline-item-heading timeline-transition\">The today<\/h3><div class=\"border-bottom text-left\"><hr\/><\/div><div class=\"timeline-content-image\"><\/div><div class=\"timeline-item-description timeline-transition\"><p>Yritys, jonka tavoitteena on kierr\u00e4tt\u00e4\u00e4 k\u00e4ytetyt muovikorkit!<\/p>\n<p>He ovat l\u00f6yt\u00e4neet ongelman ja ratkaisun. Lineaarinen tuotantomalli aiheuttaa ongelman...<\/p>\n<p>Kiertotalousmalli on ratkaisu!<\/p>\n<p>Ratkaisu on muovikansien kierr\u00e4tys\/uudelleenk\u00e4ytt\u00f6.<\/p>\n<p>He luovat omaper\u00e4isi\u00e4 tuotteita muovikansien kierr\u00e4tyksest\u00e4 ja mik\u00e4 t\u00e4rkeint\u00e4, 0 % j\u00e4tett\u00e4!<\/p>\n<\/div><\/div><\/div><div class=\"point-icon style-1\"> <div class=\"timeline-tooltip-wrap\"><div class=\"timeline-point-icon\"> <div class=\"timeline-pin-icon\"><i aria-hidden=\"true\" class=\"fas fa-check-double\"><\/i><\/div><\/div><\/div> <div class=\"timeline-text-tooltip position-left timeline-transition\" style=\"opacity: 1;\">T\u00e4n\u00e4\u00e4n<div class=\"tooltip-arrow timeline-transition\"><\/div><\/div> <\/div> <\/div> <\/div><div class=\"timeline--icon\"><div class=\"timeline-end-icon\"><i class=\" fa fa-stop-circle\" ><\/i><\/div><\/div><\/div><\/div>\t\t<\/div>\n\t\t\t\t<\/div>\n\t\t\t\t<div class=\"elementor-element elementor-element-38c39a4 elementor-widget elementor-widget-spacer\" data-id=\"38c39a4\" data-element_type=\"widget\" data-widget_type=\"spacer.default\">\n\t\t\t\t<div class=\"elementor-widget-container\">\n\t\t\t\t\t<div class=\"elementor-spacer\">\n\t\t\t<div class=\"elementor-spacer-inner\"><\/div>\n\t\t<\/div>\n\t\t\t\t<\/div>\n\t\t\t\t<\/div>\n\t\t\t\t<div class=\"elementor-element elementor-element-7d5e54e elementor-widget elementor-widget-text-editor\" data-id=\"7d5e54e\" data-element_type=\"widget\" data-widget_type=\"text-editor.default\">\n\t\t\t\t<div class=\"elementor-widget-container\">\n\t\t\t\t\t\t\t<p><strong>Mit\u00e4 me teemme<\/strong><\/p>\n<p>Tavoitteenamme on rohkaista ihmisi\u00e4 ajattelemaan, ett\u00e4 osalla j\u00e4tteist\u00e4mme voi olla toinen el\u00e4m\u00e4. Kaikkien ihmisten j\u00e4tteet ja erityisesti muovikannet (vesipullojen korkit, virvoitusjuomat, puhdistusaineet jne.) voivat olla erinomaista raaka-ainetta omaper\u00e4isten tuotteiden luomiseksi.<\/p>\n\t\t\t\t\t\t<\/div>\n\t\t\t\t<\/div>\n\t\t\t\t<div class=\"elementor-element elementor-element-ce8e828 elementor-hidden-mobile elementor-widget elementor-widget-tp-process-steps\" data-id=\"ce8e828\" data-element_type=\"widget\" data-widget_type=\"tp-process-steps.default\">\n\t\t\t\t<div class=\"elementor-widget-container\">\n\t\t\t<div id=\"proste69fa0143441c4\" class=\"tp-process-steps-widget style_2  mobile \"  data-connection=\"\" data-eventtype=\"\"><div class=\"tp-process-steps-wrapper elementor-repeater-item-d525cfa elementor-ps-content-0 \" data-index=\"0\"><div class=\"tp-ps-left-imt \"><span class=\"tp-ps-icon-img \"><i aria-hidden=\"true\" class=\"fas fa-exclamation\"><\/i><\/span><\/div><div class=\"tp-ps-right-content\"><span class=\"tp-ps-content\"><h6 class=\"tp-pro-step-title\">Ongelma<\/h6> <div class=\"tp-pro-step-desc\"> <p><strong>Lineaarinen tuotantomalli...<\/strong><\/p>\n <\/div><\/span><\/div><\/div><div class=\"tp-process-steps-wrapper elementor-repeater-item-ee2dc16 elementor-ps-content-1 \" data-index=\"1\"><div class=\"tp-ps-left-imt \"><span class=\"tp-ps-icon-img \"><i aria-hidden=\"true\" class=\"fas fa-check\"><\/i><\/span><\/div><div class=\"tp-ps-right-content\"><span class=\"tp-ps-content\"><h6 class=\"tp-pro-step-title\">Ratkaisu<\/h6> <div class=\"tp-pro-step-desc\"> <p><strong>Py\u00f6re\u00e4 malli!<\/strong><\/p>\n <\/div><\/span><\/div><\/div><\/div>\t\t<\/div>\n\t\t\t\t<\/div>\n\t\t\t\t<div class=\"elementor-element elementor-element-5ff61eb elementor-widget elementor-widget-spacer\" data-id=\"5ff61eb\" data-element_type=\"widget\" data-widget_type=\"spacer.default\">\n\t\t\t\t<div class=\"elementor-widget-container\">\n\t\t\t\t\t<div class=\"elementor-spacer\">\n\t\t\t<div class=\"elementor-spacer-inner\"><\/div>\n\t\t<\/div>\n\t\t\t\t<\/div>\n\t\t\t\t<\/div>\n\t\t\t\t<div class=\"elementor-element elementor-element-2241bd3 elementor-headline--style-rotate elementor-widget elementor-widget-animated-headline\" data-id=\"2241bd3\" data-element_type=\"widget\" data-settings=\"{&quot;headline_style&quot;:&quot;rotate&quot;,&quot;rotating_text&quot;:&quot;uudelleenk\\u00e4ytt\\u00f6\\u00f6notto\\nymp\\u00e4ripy\\u00f6reys\\nuudelleenk\\u00e4ytt\\u00f6\\u00f6notto\\nymp\\u00e4ripy\\u00f6reys\\n&quot;,&quot;animation_type&quot;:&quot;typing&quot;,&quot;loop&quot;:&quot;yes&quot;,&quot;rotate_iteration_delay&quot;:2500}\" data-widget_type=\"animated-headline.default\">\n\t\t\t\t<div class=\"elementor-widget-container\">\n\t\t\t\t\t<div class=\"elementor-headline elementor-headline-animation-type-typing elementor-headline-letters\">\n\t\t\t\t\t<span class=\"elementor-headline-plain-text elementor-headline-text-wrapper\">Ratkaisu on<br><\/span>\n\t\t\t\t<span class=\"elementor-headline-dynamic-wrapper elementor-headline-text-wrapper\">\n\t\t\t\t\t<span class=\"elementor-headline-dynamic-text elementor-headline-text-active\">\n\t\t\t\tuudelleenk\u00e4ytt\u00f6\u00f6notto\t\t\t<\/span>\n\t\t\t\t\t<span class=\"elementor-headline-dynamic-text\">\n\t\t\t\tymp\u00e4ripy\u00f6reys\t\t\t<\/span>\n\t\t\t\t\t<span class=\"elementor-headline-dynamic-text\">\n\t\t\t\tuudelleenk\u00e4ytt\u00f6\u00f6notto\t\t\t<\/span>\n\t\t\t\t\t<span class=\"elementor-headline-dynamic-text\">\n\t\t\t\tymp\u00e4ripy\u00f6reys\t\t\t<\/span>\n\t\t\t\t\t<span class=\"elementor-headline-dynamic-text\">\n\t\t\t\t\t\t\t<\/span>\n\t\t\t\t\t\t<\/span>\n\t\t\t\t\t<span class=\"elementor-headline-plain-text elementor-headline-text-wrapper\"><br>muovikansista!<\/span>\n\t\t\t\t\t<\/div>\n\t\t\t\t<\/div>\n\t\t\t\t<\/div>\n\t\t\t\t<div class=\"elementor-element elementor-element-6e36cfe elementor-widget elementor-widget-spacer\" data-id=\"6e36cfe\" data-element_type=\"widget\" data-widget_type=\"spacer.default\">\n\t\t\t\t<div class=\"elementor-widget-container\">\n\t\t\t\t\t<div class=\"elementor-spacer\">\n\t\t\t<div class=\"elementor-spacer-inner\"><\/div>\n\t\t<\/div>\n\t\t\t\t<\/div>\n\t\t\t\t<\/div>\n\t\t\t\t\t<\/div>\n\t\t<\/div>\n\t\t\t\t\t<\/div>\n\t\t<\/section>\n\t\t\t\t<section class=\"elementor-section elementor-top-section elementor-element elementor-element-8b98103 elementor-section-boxed elementor-section-height-default elementor-section-height-default\" data-id=\"8b98103\" data-element_type=\"section\">\n\t\t\t\t\t\t<div class=\"elementor-container elementor-column-gap-default\">\n\t\t\t\t\t<div class=\"elementor-column elementor-col-100 elementor-top-column elementor-element elementor-element-e745e2f\" data-id=\"e745e2f\" data-element_type=\"column\">\n\t\t\t<div class=\"elementor-widget-wrap elementor-element-populated\">\n\t\t\t\t\t\t<div class=\"elementor-element elementor-element-d2b9377 elementor-widget elementor-widget-image\" data-id=\"d2b9377\" data-element_type=\"widget\" data-widget_type=\"image.default\">\n\t\t\t\t<div class=\"elementor-widget-container\">\n\t\t\t\t\t\t\t\t\t\t\t\t\t<img decoding=\"async\" width=\"800\" height=\"800\" src=\"https:\/\/repl4stic.gr\/wp-content\/uploads\/2022\/09\/repl4stic-team.png\" class=\"attachment-large size-large wp-image-3928\" alt=\"\" srcset=\"https:\/\/repl4stic.gr\/wp-content\/uploads\/2022\/09\/repl4stic-team.png 800w, https:\/\/repl4stic.gr\/wp-content\/uploads\/2022\/09\/repl4stic-team-300x300.png 300w, https:\/\/repl4stic.gr\/wp-content\/uploads\/2022\/09\/repl4stic-team-150x150.png 150w, https:\/\/repl4stic.gr\/wp-content\/uploads\/2022\/09\/repl4stic-team-768x768.png 768w, https:\/\/repl4stic.gr\/wp-content\/uploads\/2022\/09\/repl4stic-team-700x700.png 700w, https:\/\/repl4stic.gr\/wp-content\/uploads\/2022\/09\/repl4stic-team-600x600.png 600w, https:\/\/repl4stic.gr\/wp-content\/uploads\/2022\/09\/repl4stic-team-100x100.png 100w\" sizes=\"(max-width: 800px) 100vw, 800px\" loading=\"eager\" \/>\t\t\t\t\t\t\t\t\t\t\t\t\t<\/div>\n\t\t\t\t<\/div>\n\t\t\t\t<div class=\"elementor-element elementor-element-bf02658 elementor-align-center elementor-absolute elementor-widget__width-initial elementor-widget elementor-widget-button\" data-id=\"bf02658\" data-element_type=\"widget\" data-settings=\"{&quot;_position&quot;:&quot;absolute&quot;}\" data-widget_type=\"button.default\">\n\t\t\t\t<div class=\"elementor-widget-container\">\n\t\t\t\t\t<div class=\"elementor-button-wrapper\">\n\t\t\t<a class=\"elementor-button elementor-button-link elementor-size-sm\" href=\"#elementor-action%3Aaction%3Dpopup%3Aopen%26settings%3DeyJpZCI6IjE0MTkiLCJ0b2dnbGUiOmZhbHNlfQ%3D%3D\">\n\t\t\t\t\t\t<span class=\"elementor-button-content-wrapper\">\n\t\t\t\t\t\t\t\t\t<span class=\"elementor-button-text\">Belisarius<\/span>\n\t\t\t\t\t<\/span>\n\t\t\t\t\t<\/a>\n\t\t<\/div>\n\t\t\t\t<\/div>\n\t\t\t\t<\/div>\n\t\t\t\t<div class=\"elementor-element elementor-element-895496d elementor-align-center elementor-absolute elementor-widget__width-initial elementor-widget elementor-widget-button\" data-id=\"895496d\" data-element_type=\"widget\" data-settings=\"{&quot;_position&quot;:&quot;absolute&quot;}\" data-widget_type=\"button.default\">\n\t\t\t\t<div class=\"elementor-widget-container\">\n\t\t\t\t\t<div class=\"elementor-button-wrapper\">\n\t\t\t<a class=\"elementor-button elementor-button-link elementor-size-sm\" href=\"#elementor-action%3Aaction%3Dpopup%3Aopen%26settings%3DeyJpZCI6IjE0NTMiLCJ0b2dnbGUiOmZhbHNlfQ%3D%3D\">\n\t\t\t\t\t\t<span class=\"elementor-button-content-wrapper\">\n\t\t\t\t\t\t\t\t\t<span class=\"elementor-button-text\">John<\/span>\n\t\t\t\t\t<\/span>\n\t\t\t\t\t<\/a>\n\t\t<\/div>\n\t\t\t\t<\/div>\n\t\t\t\t<\/div>\n\t\t\t\t\t<\/div>\n\t\t<\/div>\n\t\t\t\t\t<\/div>\n\t\t<\/section>\n\t\t\t\t<\/div>\n\t\t","protected":false},"excerpt":{"rendered":"<p>Keit\u00e4 me olemme&#8230; Replastic-tiimi tarjoaa tuotteita 100 % kierr\u00e4tetty 0 % j\u00e4tett\u00e4 Repl4stic on monista eri ammattialoista tulevien ihmisten luova yritys, joka on yhdist\u00e4nyt voimansa osallistuakseen maailmanlaajuiseen pyrkimykseen kehitt\u00e4\u00e4 toimia, jotka edist\u00e4v\u00e4t kest\u00e4v\u00e4\u00e4 kehityst\u00e4 ja vaikuttavat ymp\u00e4rist\u00f6n, yhteiskunnan ja talouden jalanj\u00e4ljen suurentamiseen. Repl4stic pyrkii kuromaan umpeen lineaarisen mallin ja kiertotuotantomallin v\u00e4lisen kuilun ja sujuvoittamaan siirtym\u00e4\u00e4 [&hellip;]<\/p>\n","protected":false},"author":3,"featured_media":0,"parent":0,"menu_order":0,"comment_status":"closed","ping_status":"closed","template":"","meta":{"site-sidebar-layout":"default","site-content-layout":"","ast-site-content-layout":"","site-content-style":"default","site-sidebar-style":"default","ast-global-header-display":"","ast-banner-title-visibility":"","ast-main-header-display":"","ast-hfb-above-header-display":"","ast-hfb-below-header-display":"","ast-hfb-mobile-header-display":"","site-post-title":"","ast-breadcrumbs-content":"","ast-featured-img":"","footer-sml-layout":"","theme-transparent-header-meta":"","adv-header-id-meta":"","stick-header-meta":"","header-above-stick-meta":"","header-main-stick-meta":"","header-below-stick-meta":"","astra-migrate-meta-layouts":"default","ast-page-background-enabled":"default","ast-page-background-meta":{"desktop":{"background-color":"var(--ast-global-color-4)","background-image":"","background-repeat":"repeat","background-position":"center center","background-size":"auto","background-attachment":"scroll","background-type":"","background-media":"","overlay-type":"","overlay-color":"","overlay-opacity":"","overlay-gradient":""},"tablet":{"background-color":"","background-image":"","background-repeat":"repeat","background-position":"center center","background-size":"auto","background-attachment":"scroll","background-type":"","background-media":"","overlay-type":"","overlay-color":"","overlay-opacity":"","overlay-gradient":""},"mobile":{"background-color":"","background-image":"","background-repeat":"repeat","background-position":"center center","background-size":"auto","background-attachment":"scroll","background-type":"","background-media":"","overlay-type":"","overlay-color":"","overlay-opacity":"","overlay-gradient":""}},"ast-content-background-meta":{"desktop":{"background-color":"var(--ast-global-color-5)","background-image":"","background-repeat":"repeat","background-position":"center center","background-size":"auto","background-attachment":"scroll","background-type":"","background-media":"","overlay-type":"","overlay-color":"","overlay-opacity":"","overlay-gradient":""},"tablet":{"background-color":"var(--ast-global-color-5)","background-image":"","background-repeat":"repeat","background-position":"center center","background-size":"auto","background-attachment":"scroll","background-type":"","background-media":"","overlay-type":"","overlay-color":"","overlay-opacity":"","overlay-gradient":""},"mobile":{"background-color":"var(--ast-global-color-5)","background-image":"","background-repeat":"repeat","background-position":"center center","background-size":"auto","background-attachment":"scroll","background-type":"","background-media":"","overlay-type":"","overlay-color":"","overlay-opacity":"","overlay-gradient":""}},"footnotes":""},"class_list":["post-4344","page","type-page","status-publish","hentry"],"_links":{"self":[{"href":"https:\/\/repl4stic.gr\/fi\/wp-json\/wp\/v2\/pages\/4344","targetHints":{"allow":["GET"]}}],"collection":[{"href":"https:\/\/repl4stic.gr\/fi\/wp-json\/wp\/v2\/pages"}],"about":[{"href":"https:\/\/repl4stic.gr\/fi\/wp-json\/wp\/v2\/types\/page"}],"author":[{"embeddable":true,"href":"https:\/\/repl4stic.gr\/fi\/wp-json\/wp\/v2\/users\/3"}],"replies":[{"embeddable":true,"href":"https:\/\/repl4stic.gr\/fi\/wp-json\/wp\/v2\/comments?post=4344"}],"version-history":[{"count":4,"href":"https:\/\/repl4stic.gr\/fi\/wp-json\/wp\/v2\/pages\/4344\/revisions"}],"predecessor-version":[{"id":4424,"href":"https:\/\/repl4stic.gr\/fi\/wp-json\/wp\/v2\/pages\/4344\/revisions\/4424"}],"wp:attachment":[{"href":"https:\/\/repl4stic.gr\/fi\/wp-json\/wp\/v2\/media?parent=4344"}],"curies":[{"name":"wp","href":"https:\/\/api.w.org\/{rel}","templated":true}]}}